{"id":1308,"date":"2026-02-12T13:24:36","date_gmt":"2026-02-12T12:24:36","guid":{"rendered":"https:\/\/fintes.at\/?page_id=1308"},"modified":"2026-02-12T18:52:37","modified_gmt":"2026-02-12T17:52:37","slug":"uvod","status":"publish","type":"page","link":"https:\/\/fintes.at\/cs\/uvod\/","title":{"rendered":"\u00davod"},"content":{"rendered":"<hr \/>\r\n<p>Spole\u010dnost <b>FINTES <\/b>je \u010desko-rakousk\u00e1 stroj\u00edrensk\u00e1 firma zalo\u017een\u00e1 v roce 1997, specializuj\u00edc\u00ed se na <strong>p\u0159esn\u00e9 obr\u00e1b\u011bn\u00ed kovov\u00fdch d\u00edl\u016f pro automobilov\u00fd pr\u016fmysl a p\u0159\u00edbuzn\u00e1 technick\u00e1 odv\u011btv\u00ed<\/strong>.<\/p>\r\n<p>D\u00edky modern\u00edm technologi\u00edm, zku\u0161en\u00e9mu t\u00fdmu a d\u016frazu na kvalitu jsme spolehliv\u00fdm partnerem pro kusovou, malos\u00e9riovou i velkos\u00e9riovou v\u00fdrobu.<\/p>\r\n<p>N\u00e1zev <b>FINTES<\/b> sdru\u017euje <strong>dva samostatn\u00e9 v\u00fdrobn\u00ed z\u00e1vody<\/strong> zab\u00fdvaj\u00edc\u00ed se <strong>p\u0159esn\u00fdm CNC obr\u00e1b\u011bn\u00ed kov\u016f<\/strong> a jeden zab\u00fdvaj\u00edc\u00ed se <strong>z\u00e1me\u010dnickou v\u00fdrobou a to p\u0159edev\u0161\u00edm v\u00fdrobou hlin\u00edkov\u00fdch \u017eeb\u0159\u00edk\u016f<\/strong>. Dlouholet\u00e9 zku\u0161enosti a d\u016fraz na kvalitu jsou z\u00e1kladem obou na\u0161ich \u010dinnost\u00ed.<\/p>\r\n<p><b>Na\u0161e heslo: Spokojenost v\u00fdrobn\u00edho t\u00fdmu = spokojenost z\u00e1kazn\u00edka<\/b><\/p>\r\n<p>Kdy\u017e firma funguje dob\u0159e uvnit\u0159, funguje dob\u0159e i sm\u011brem k z\u00e1kazn\u00edkovi. Tohoto hesla se ve FINTES po\u0159\u00e1d dr\u017e\u00edme a nezapom\u00edn\u00e1me na n\u011bj. Ka\u017ed\u00fd zam\u011bstnanec m\u00e1 odpov\u011bdnost za sv\u016fj d\u00edl a jako t\u00fdm se sna\u017e\u00edme utv\u00e1\u0159et funguj\u00edc\u00ed celek, proto\u017ee jen tak se n\u00e1m poda\u0159\u00ed naplnit na\u0161e heslo.<\/p>\r\n<p>V\u0161echny intern\u00ed procesy ve firm\u011b m\u00e1me nastaven\u00e9 tak, abychom dok\u00e1zali vyhodnocovat v\u00fdrobn\u00ed i nev\u00fdrobn\u00ed procesy a t\u00edm se neust\u00e1le zlep\u0161ovali. K tomu vyu\u017e\u00edv\u00e1me metody Kaizen, Ishikawa, 8D a jin\u00e9 podp\u016frn\u00e9 metody.\u00a0To n\u00e1m pom\u00e1h\u00e1 dosahovat t\u011bch nejlep\u0161\u00edch v\u00fdsledk\u016f.<\/p>\r\n<hr \/>\r\n<p>&nbsp;<\/p>\r\n<figure><img decoding=\"async\" class=\"lazyload\" title=\"FintesPribraz01b\" src=\"data:image\/gif;base64,R0lGODlhAQABAIAAAAAAAP\/\/\/yH5BAEAAAAALAAAAAABAAEAAAIBRAA7\" data-src=\"https:\/\/fintes.at\/wp-content\/uploads\/2026\/02\/FintesPribraz01b.webp\" alt=\"Fintes-CZ-Budova-shora\" width=\"1920\" height=\"879\" \/><noscript><img decoding=\"async\" class=\"lazyload\" title=\"FintesPribraz01b\" src=\"https:\/\/fintes.at\/wp-content\/uploads\/2026\/02\/FintesPribraz01b.webp\" alt=\"Fintes-CZ-Budova-shora\" width=\"1920\" height=\"879\" \/><\/noscript><\/figure>\r\n","protected":false},"excerpt":{"rendered":"<p>Spole\u010dnost FINTES je \u010desko-rakousk\u00e1 stroj\u00edrensk\u00e1 firma zalo\u017een\u00e1 v roce 1997, specializuj\u00edc\u00ed se na p\u0159esn\u00e9 obr\u00e1b\u011bn\u00ed kovov\u00fdch d\u00edl\u016f pro automobilov\u00fd pr\u016fmysl a p\u0159\u00edbuzn\u00e1 technick\u00e1 odv\u011btv\u00ed. D\u00edky modern\u00edm technologi\u00edm, zku\u0161en\u00e9mu t\u00fdmu a d\u016frazu na kvalitu jsme spolehliv\u00fdm partnerem pro kusovou, malos\u00e9riovou i velkos\u00e9riovou v\u00fdrobu. N\u00e1zev FINTES sdru\u017euje dva samostatn\u00e9 v\u00fdrobn\u00ed z\u00e1vody zab\u00fdvaj\u00edc\u00ed se p\u0159esn\u00fdm CNC obr\u00e1b\u011bn\u00ed kov\u016f&hellip;<\/p>\n","protected":false},"author":5,"featured_media":0,"parent":0,"menu_order":0,"comment_status":"closed","ping_status":"closed","template":"","meta":{"_acf_changed":false,"inline_featured_image":false,"footnotes":""},"class_list":["post-1308","page","type-page","status-publish","hentry"],"acf":[],"yoast_head":"<!-- This site is optimized with the Yoast SEO plugin v26.9 - https:\/\/yoast.com\/product\/yoast-seo-wordpress\/ -->\n<title>\u00davod - Fintes - divize CZ - zak\u00e1zkov\u00e9 kovoobr\u00e1b\u011bn\u00ed, pr\u00e1ce s hlin\u00edkem<\/title>\n<meta name=\"description\" content=\"zak\u00e1zkov\u00e9 kovoobr\u00e1b\u011bn\u00ed, stroj\u00edrensk\u00e1 v\u00fdroba, CNC obr\u00e1b\u011bn\u00ed kov\u016f, obr\u00e1b\u011bn\u00ed d\u00edl\u016f pro automotive, v\u00fdroba na zak\u00e1zku, robotick\u00e9 sva\u0159ov\u00e1n\u00ed hlin\u00edku\" \/>\n<meta name=\"robots\" content=\"index, follow, max-snippet:-1, max-image-preview:large, max-video-preview:-1\" \/>\n<link rel=\"canonical\" href=\"https:\/\/fintes.at\/cs\/uvod\/\" \/>\n<meta property=\"og:locale\" content=\"en_US\" \/>\n<meta property=\"og:type\" content=\"article\" \/>\n<meta property=\"og:title\" content=\"\u00davod - Fintes - divize CZ - zak\u00e1zkov\u00e9 kovoobr\u00e1b\u011bn\u00ed, pr\u00e1ce s hlin\u00edkem\" \/>\n<meta property=\"og:description\" content=\"zak\u00e1zkov\u00e9 kovoobr\u00e1b\u011bn\u00ed, stroj\u00edrensk\u00e1 v\u00fdroba, CNC obr\u00e1b\u011bn\u00ed kov\u016f, obr\u00e1b\u011bn\u00ed d\u00edl\u016f pro automotive, v\u00fdroba na zak\u00e1zku, robotick\u00e9 sva\u0159ov\u00e1n\u00ed hlin\u00edku\" \/>\n<meta property=\"og:url\" content=\"https:\/\/fintes.at\/cs\/uvod\/\" \/>\n<meta property=\"og:site_name\" content=\"FINTES CNC-Metallverarbeitung\" \/>\n<meta property=\"article:modified_time\" content=\"2026-02-12T17:52:37+00:00\" \/>\n<meta property=\"og:image\" content=\"https:\/\/fintes.at\/wp-content\/uploads\/2026\/02\/FintesPribraz01b.webp\" \/>\n<meta name=\"twitter:card\" content=\"summary_large_image\" \/>\n<meta name=\"twitter:label1\" content=\"Est. reading time\" \/>\n\t<meta name=\"twitter:data1\" content=\"2 minutes\" \/>\n<script type=\"application\/ld+json\" class=\"yoast-schema-graph\">{\"@context\":\"https:\/\/schema.org\",\"@graph\":[{\"@type\":\"WebPage\",\"@id\":\"https:\/\/fintes.at\/cs\/uvod\/\",\"url\":\"https:\/\/fintes.at\/cs\/uvod\/\",\"name\":\"\u00davod - Fintes - divize CZ - zak\u00e1zkov\u00e9 kovoobr\u00e1b\u011bn\u00ed, pr\u00e1ce s hlin\u00edkem\",\"isPartOf\":{\"@id\":\"https:\/\/fintes.at\/#website\"},\"primaryImageOfPage\":{\"@id\":\"https:\/\/fintes.at\/cs\/uvod\/#primaryimage\"},\"image\":{\"@id\":\"https:\/\/fintes.at\/cs\/uvod\/#primaryimage\"},\"thumbnailUrl\":\"https:\/\/fintes.at\/wp-content\/uploads\/2026\/02\/FintesPribraz01b.webp\",\"datePublished\":\"2026-02-12T12:24:36+00:00\",\"dateModified\":\"2026-02-12T17:52:37+00:00\",\"description\":\"zak\u00e1zkov\u00e9 kovoobr\u00e1b\u011bn\u00ed, stroj\u00edrensk\u00e1 v\u00fdroba, CNC obr\u00e1b\u011bn\u00ed kov\u016f, obr\u00e1b\u011bn\u00ed d\u00edl\u016f pro automotive, v\u00fdroba na zak\u00e1zku, robotick\u00e9 sva\u0159ov\u00e1n\u00ed hlin\u00edku\",\"breadcrumb\":{\"@id\":\"https:\/\/fintes.at\/cs\/uvod\/#breadcrumb\"},\"inLanguage\":\"CZ\",\"potentialAction\":[{\"@type\":\"ReadAction\",\"target\":[\"https:\/\/fintes.at\/cs\/uvod\/\"]}]},{\"@type\":\"ImageObject\",\"inLanguage\":\"CZ\",\"@id\":\"https:\/\/fintes.at\/cs\/uvod\/#primaryimage\",\"url\":\"https:\/\/fintes.at\/wp-content\/uploads\/2026\/02\/FintesPribraz01b.webp\",\"contentUrl\":\"https:\/\/fintes.at\/wp-content\/uploads\/2026\/02\/FintesPribraz01b.webp\"},{\"@type\":\"BreadcrumbList\",\"@id\":\"https:\/\/fintes.at\/cs\/uvod\/#breadcrumb\",\"itemListElement\":[{\"@type\":\"ListItem\",\"position\":1,\"name\":\"Home\",\"item\":\"https:\/\/fintes.at\/cs\/\"},{\"@type\":\"ListItem\",\"position\":2,\"name\":\"\u00davod\"}]},{\"@type\":\"WebSite\",\"@id\":\"https:\/\/fintes.at\/#website\",\"url\":\"https:\/\/fintes.at\/\",\"name\":\"FINTES CNC-Metallverarbeitung\",\"description\":\"\",\"publisher\":{\"@id\":\"https:\/\/fintes.at\/#organization\"},\"alternateName\":\"CNC Drehen und Fr\u00e4sen\",\"potentialAction\":[{\"@type\":\"SearchAction\",\"target\":{\"@type\":\"EntryPoint\",\"urlTemplate\":\"https:\/\/fintes.at\/?s={search_term_string}\"},\"query-input\":{\"@type\":\"PropertyValueSpecification\",\"valueRequired\":true,\"valueName\":\"search_term_string\"}}],\"inLanguage\":\"CZ\"},{\"@type\":\"Organization\",\"@id\":\"https:\/\/fintes.at\/#organization\",\"name\":\"FINTES CNC-Metallverarbeitung\",\"alternateName\":\"Fintes CNC Drehen und Fr\u00e4sen\",\"url\":\"https:\/\/fintes.at\/\",\"logo\":{\"@type\":\"ImageObject\",\"inLanguage\":\"CZ\",\"@id\":\"https:\/\/fintes.at\/#\/schema\/logo\/image\/\",\"url\":\"https:\/\/fintes.at\/wp-content\/uploads\/2025\/09\/fintes-logo.png\",\"contentUrl\":\"https:\/\/fintes.at\/wp-content\/uploads\/2025\/09\/fintes-logo.png\",\"width\":2000,\"height\":2000,\"caption\":\"FINTES CNC-Metallverarbeitung\"},\"image\":{\"@id\":\"https:\/\/fintes.at\/#\/schema\/logo\/image\/\"},\"sameAs\":[\"https:\/\/www.instagram.com\/fintes_gmbh\/\"]}]}<\/script>\n<!-- \/ Yoast SEO plugin. -->","yoast_head_json":{"title":"\u00davod - Fintes - divize CZ - zak\u00e1zkov\u00e9 kovoobr\u00e1b\u011bn\u00ed, pr\u00e1ce s hlin\u00edkem","description":"zak\u00e1zkov\u00e9 kovoobr\u00e1b\u011bn\u00ed, stroj\u00edrensk\u00e1 v\u00fdroba, CNC obr\u00e1b\u011bn\u00ed kov\u016f, obr\u00e1b\u011bn\u00ed d\u00edl\u016f pro automotive, v\u00fdroba na zak\u00e1zku, robotick\u00e9 sva\u0159ov\u00e1n\u00ed hlin\u00edku","robots":{"index":"index","follow":"follow","max-snippet":"max-snippet:-1","max-image-preview":"max-image-preview:large","max-video-preview":"max-video-preview:-1"},"canonical":"https:\/\/fintes.at\/cs\/uvod\/","og_locale":"en_US","og_type":"article","og_title":"\u00davod - Fintes - divize CZ - zak\u00e1zkov\u00e9 kovoobr\u00e1b\u011bn\u00ed, pr\u00e1ce s hlin\u00edkem","og_description":"zak\u00e1zkov\u00e9 kovoobr\u00e1b\u011bn\u00ed, stroj\u00edrensk\u00e1 v\u00fdroba, CNC obr\u00e1b\u011bn\u00ed kov\u016f, obr\u00e1b\u011bn\u00ed d\u00edl\u016f pro automotive, v\u00fdroba na zak\u00e1zku, robotick\u00e9 sva\u0159ov\u00e1n\u00ed hlin\u00edku","og_url":"https:\/\/fintes.at\/cs\/uvod\/","og_site_name":"FINTES CNC-Metallverarbeitung","article_modified_time":"2026-02-12T17:52:37+00:00","og_image":[{"url":"https:\/\/fintes.at\/wp-content\/uploads\/2026\/02\/FintesPribraz01b.webp","type":"","width":"","height":""}],"twitter_card":"summary_large_image","twitter_misc":{"Est. reading time":"2 minutes"},"schema":{"@context":"https:\/\/schema.org","@graph":[{"@type":"WebPage","@id":"https:\/\/fintes.at\/cs\/uvod\/","url":"https:\/\/fintes.at\/cs\/uvod\/","name":"\u00davod - Fintes - divize CZ - zak\u00e1zkov\u00e9 kovoobr\u00e1b\u011bn\u00ed, pr\u00e1ce s hlin\u00edkem","isPartOf":{"@id":"https:\/\/fintes.at\/#website"},"primaryImageOfPage":{"@id":"https:\/\/fintes.at\/cs\/uvod\/#primaryimage"},"image":{"@id":"https:\/\/fintes.at\/cs\/uvod\/#primaryimage"},"thumbnailUrl":"https:\/\/fintes.at\/wp-content\/uploads\/2026\/02\/FintesPribraz01b.webp","datePublished":"2026-02-12T12:24:36+00:00","dateModified":"2026-02-12T17:52:37+00:00","description":"zak\u00e1zkov\u00e9 kovoobr\u00e1b\u011bn\u00ed, stroj\u00edrensk\u00e1 v\u00fdroba, CNC obr\u00e1b\u011bn\u00ed kov\u016f, obr\u00e1b\u011bn\u00ed d\u00edl\u016f pro automotive, v\u00fdroba na zak\u00e1zku, robotick\u00e9 sva\u0159ov\u00e1n\u00ed hlin\u00edku","breadcrumb":{"@id":"https:\/\/fintes.at\/cs\/uvod\/#breadcrumb"},"inLanguage":"CZ","potentialAction":[{"@type":"ReadAction","target":["https:\/\/fintes.at\/cs\/uvod\/"]}]},{"@type":"ImageObject","inLanguage":"CZ","@id":"https:\/\/fintes.at\/cs\/uvod\/#primaryimage","url":"https:\/\/fintes.at\/wp-content\/uploads\/2026\/02\/FintesPribraz01b.webp","contentUrl":"https:\/\/fintes.at\/wp-content\/uploads\/2026\/02\/FintesPribraz01b.webp"},{"@type":"BreadcrumbList","@id":"https:\/\/fintes.at\/cs\/uvod\/#breadcrumb","itemListElement":[{"@type":"ListItem","position":1,"name":"Home","item":"https:\/\/fintes.at\/cs\/"},{"@type":"ListItem","position":2,"name":"\u00davod"}]},{"@type":"WebSite","@id":"https:\/\/fintes.at\/#website","url":"https:\/\/fintes.at\/","name":"FINTES CNC-Metallverarbeitung","description":"","publisher":{"@id":"https:\/\/fintes.at\/#organization"},"alternateName":"CNC Drehen und Fr\u00e4sen","potentialAction":[{"@type":"SearchAction","target":{"@type":"EntryPoint","urlTemplate":"https:\/\/fintes.at\/?s={search_term_string}"},"query-input":{"@type":"PropertyValueSpecification","valueRequired":true,"valueName":"search_term_string"}}],"inLanguage":"CZ"},{"@type":"Organization","@id":"https:\/\/fintes.at\/#organization","name":"FINTES CNC-Metallverarbeitung","alternateName":"Fintes CNC Drehen und Fr\u00e4sen","url":"https:\/\/fintes.at\/","logo":{"@type":"ImageObject","inLanguage":"CZ","@id":"https:\/\/fintes.at\/#\/schema\/logo\/image\/","url":"https:\/\/fintes.at\/wp-content\/uploads\/2025\/09\/fintes-logo.png","contentUrl":"https:\/\/fintes.at\/wp-content\/uploads\/2025\/09\/fintes-logo.png","width":2000,"height":2000,"caption":"FINTES CNC-Metallverarbeitung"},"image":{"@id":"https:\/\/fintes.at\/#\/schema\/logo\/image\/"},"sameAs":["https:\/\/www.instagram.com\/fintes_gmbh\/"]}]}},"_links":{"self":[{"href":"https:\/\/fintes.at\/cs\/wp-json\/wp\/v2\/pages\/1308","targetHints":{"allow":["GET"]}}],"collection":[{"href":"https:\/\/fintes.at\/cs\/wp-json\/wp\/v2\/pages"}],"about":[{"href":"https:\/\/fintes.at\/cs\/wp-json\/wp\/v2\/types\/page"}],"author":[{"embeddable":true,"href":"https:\/\/fintes.at\/cs\/wp-json\/wp\/v2\/users\/5"}],"replies":[{"embeddable":true,"href":"https:\/\/fintes.at\/cs\/wp-json\/wp\/v2\/comments?post=1308"}],"version-history":[{"count":5,"href":"https:\/\/fintes.at\/cs\/wp-json\/wp\/v2\/pages\/1308\/revisions"}],"predecessor-version":[{"id":1321,"href":"https:\/\/fintes.at\/cs\/wp-json\/wp\/v2\/pages\/1308\/revisions\/1321"}],"wp:attachment":[{"href":"https:\/\/fintes.at\/cs\/wp-json\/wp\/v2\/media?parent=1308"}],"curies":[{"name":"wp","href":"https:\/\/api.w.org\/{rel}","templated":true}]}}