{"id":1322,"date":"2026-02-12T13:56:26","date_gmt":"2026-02-12T12:56:26","guid":{"rendered":"https:\/\/fintes.at\/?page_id=1322"},"modified":"2026-02-12T13:56:26","modified_gmt":"2026-02-12T12:56:26","slug":"historie","status":"publish","type":"page","link":"https:\/\/fintes.at\/cs\/historie\/","title":{"rendered":"Historie"},"content":{"rendered":"\n\n\t<h2><b>Historie<\/b><\/h2>\n<blockquote><p>1997 &#8211; zalo\u017een\u00ed firmy a z\u00edsk\u00e1n\u00ed prvn\u00ed zak\u00e1zky<\/p><\/blockquote>\n<blockquote><p>2001 &#8211; st\u011bhov\u00e1n\u00ed do nov\u00fdch v\u00fdrobn\u00edch prostor a po\u0159\u00edzen\u00ed nov\u00fdch technologii<\/p><\/blockquote>\n<blockquote><p>2002 &#8211; po\u0159\u00edzen\u00ed skladov\u00e9 textiln\u00ed haly<\/p><\/blockquote>\n<blockquote><p>2004 &#8211; dokon\u010den\u00ed druh\u00e9 haly a rozd\u011blen\u00ed z\u00e1me\u010dnick\u00e9 a CNC v\u00fdroby<\/p><\/blockquote>\n<blockquote><p>2007 &#8211; p\u0159\u00edstavba sva\u0159ovny a zv\u011bt\u0161en\u00ed skladov\u00e9 textiln\u00ed haly<\/p><\/blockquote>\n<blockquote><p>2013 &#8211; stavba haly 3 a haly 4<\/p><\/blockquote>\n<blockquote><p>2015 &#8211; po\u0159\u00edzen\u00ed 7 ks vertik\u00e1ln\u00edch CNC soustruh\u016f<\/p><\/blockquote>\n<blockquote><p>2018 &#8211; rozjezd obr\u00e1b\u011bn\u00ed litina (soustru\u017een\u00ed)<\/p><\/blockquote>\n<figure itemscope itemtype=\"https:\/\/schema.org\/ImageObject\">\n\t\t\t\t<img decoding=\"async\" class=\"lazyload\" src=\"data:image\/gif;base64,R0lGODlhAQABAIAAAAAAAP\/\/\/yH5BAEAAAAALAAAAAABAAEAAAIBRAA7\" data-src=\"https:\/\/fintes.at\/wp-content\/uploads\/2026\/02\/FintesPribraz02history.webp\" alt=\"Fintes CZ - history\" height=\"800\" width=\"2000\" title=\"FintesPribraz02history\" onerror=\"this.style.display='none'\" loading=\"lazy\" \/><noscript><img decoding=\"async\" class=\"lazyload\" src=\"https:\/\/fintes.at\/wp-content\/uploads\/2026\/02\/FintesPribraz02history.webp\" alt=\"Fintes CZ - history\" height=\"800\" width=\"2000\" title=\"FintesPribraz02history\" onerror=\"this.style.display='none'\" loading=\"lazy\" \/><\/noscript>\n\t<\/figure>\n\n","protected":false},"excerpt":{"rendered":"<p>Historie 1997 &#8211; zalo\u017een\u00ed firmy a z\u00edsk\u00e1n\u00ed prvn\u00ed zak\u00e1zky 2001 &#8211; st\u011bhov\u00e1n\u00ed do nov\u00fdch v\u00fdrobn\u00edch prostor a po\u0159\u00edzen\u00ed nov\u00fdch technologii 2002 &#8211; po\u0159\u00edzen\u00ed skladov\u00e9 textiln\u00ed haly 2004 &#8211; dokon\u010den\u00ed druh\u00e9 haly a rozd\u011blen\u00ed z\u00e1me\u010dnick\u00e9 a CNC v\u00fdroby 2007 &#8211; p\u0159\u00edstavba sva\u0159ovny a zv\u011bt\u0161en\u00ed skladov\u00e9 textiln\u00ed haly 2013 &#8211; stavba haly 3 a haly 4 2015&hellip;<\/p>\n","protected":false},"author":5,"featured_media":0,"parent":0,"menu_order":0,"comment_status":"closed","ping_status":"closed","template":"","meta":{"_acf_changed":false,"inline_featured_image":false,"footnotes":""},"class_list":["post-1322","page","type-page","status-publish","hentry"],"acf":[],"yoast_head":"<!-- This site is optimized with the Yoast SEO plugin v26.9 - https:\/\/yoast.com\/product\/yoast-seo-wordpress\/ -->\n<title>Historie \u010desk\u00e9 divize spole\u010dnost\u00ed Fintes<\/title>\n<meta name=\"robots\" content=\"index, follow, max-snippet:-1, max-image-preview:large, max-video-preview:-1\" \/>\n<link rel=\"canonical\" href=\"https:\/\/fintes.at\/cs\/historie\/\" \/>\n<meta property=\"og:locale\" content=\"en_US\" \/>\n<meta property=\"og:type\" content=\"article\" \/>\n<meta property=\"og:title\" content=\"Historie \u010desk\u00e9 divize spole\u010dnost\u00ed Fintes\" \/>\n<meta property=\"og:description\" content=\"Historie 1997 &#8211; zalo\u017een\u00ed firmy a z\u00edsk\u00e1n\u00ed prvn\u00ed zak\u00e1zky 2001 &#8211; st\u011bhov\u00e1n\u00ed do nov\u00fdch v\u00fdrobn\u00edch prostor a po\u0159\u00edzen\u00ed nov\u00fdch technologii 2002 &#8211; po\u0159\u00edzen\u00ed skladov\u00e9 textiln\u00ed haly 2004 &#8211; dokon\u010den\u00ed druh\u00e9 haly a rozd\u011blen\u00ed z\u00e1me\u010dnick\u00e9 a CNC v\u00fdroby 2007 &#8211; p\u0159\u00edstavba sva\u0159ovny a zv\u011bt\u0161en\u00ed skladov\u00e9 textiln\u00ed haly 2013 &#8211; stavba haly 3 a haly 4 2015&hellip;\" \/>\n<meta property=\"og:url\" content=\"https:\/\/fintes.at\/cs\/historie\/\" \/>\n<meta property=\"og:site_name\" content=\"FINTES CNC-Metallverarbeitung\" \/>\n<meta property=\"og:image\" content=\"https:\/\/fintes.at\/wp-content\/uploads\/2026\/02\/FintesPribraz02history.webp\" \/>\n<meta name=\"twitter:card\" content=\"summary_large_image\" \/>\n<script type=\"application\/ld+json\" class=\"yoast-schema-graph\">{\"@context\":\"https:\/\/schema.org\",\"@graph\":[{\"@type\":\"WebPage\",\"@id\":\"https:\/\/fintes.at\/cs\/historie\/\",\"url\":\"https:\/\/fintes.at\/cs\/historie\/\",\"name\":\"Historie \u010desk\u00e9 divize spole\u010dnost\u00ed Fintes\",\"isPartOf\":{\"@id\":\"https:\/\/fintes.at\/#website\"},\"primaryImageOfPage\":{\"@id\":\"https:\/\/fintes.at\/cs\/historie\/#primaryimage\"},\"image\":{\"@id\":\"https:\/\/fintes.at\/cs\/historie\/#primaryimage\"},\"thumbnailUrl\":\"https:\/\/fintes.at\/wp-content\/uploads\/2026\/02\/FintesPribraz02history.webp\",\"datePublished\":\"2026-02-12T12:56:26+00:00\",\"breadcrumb\":{\"@id\":\"https:\/\/fintes.at\/cs\/historie\/#breadcrumb\"},\"inLanguage\":\"CZ\",\"potentialAction\":[{\"@type\":\"ReadAction\",\"target\":[\"https:\/\/fintes.at\/cs\/historie\/\"]}]},{\"@type\":\"ImageObject\",\"inLanguage\":\"CZ\",\"@id\":\"https:\/\/fintes.at\/cs\/historie\/#primaryimage\",\"url\":\"https:\/\/fintes.at\/wp-content\/uploads\/2026\/02\/FintesPribraz02history.webp\",\"contentUrl\":\"https:\/\/fintes.at\/wp-content\/uploads\/2026\/02\/FintesPribraz02history.webp\"},{\"@type\":\"BreadcrumbList\",\"@id\":\"https:\/\/fintes.at\/cs\/historie\/#breadcrumb\",\"itemListElement\":[{\"@type\":\"ListItem\",\"position\":1,\"name\":\"Home\",\"item\":\"https:\/\/fintes.at\/cs\/\"},{\"@type\":\"ListItem\",\"position\":2,\"name\":\"Historie\"}]},{\"@type\":\"WebSite\",\"@id\":\"https:\/\/fintes.at\/#website\",\"url\":\"https:\/\/fintes.at\/\",\"name\":\"FINTES CNC-Metallverarbeitung\",\"description\":\"\",\"publisher\":{\"@id\":\"https:\/\/fintes.at\/#organization\"},\"alternateName\":\"CNC Drehen und Fr\u00e4sen\",\"potentialAction\":[{\"@type\":\"SearchAction\",\"target\":{\"@type\":\"EntryPoint\",\"urlTemplate\":\"https:\/\/fintes.at\/?s={search_term_string}\"},\"query-input\":{\"@type\":\"PropertyValueSpecification\",\"valueRequired\":true,\"valueName\":\"search_term_string\"}}],\"inLanguage\":\"CZ\"},{\"@type\":\"Organization\",\"@id\":\"https:\/\/fintes.at\/#organization\",\"name\":\"FINTES CNC-Metallverarbeitung\",\"alternateName\":\"Fintes CNC Drehen und Fr\u00e4sen\",\"url\":\"https:\/\/fintes.at\/\",\"logo\":{\"@type\":\"ImageObject\",\"inLanguage\":\"CZ\",\"@id\":\"https:\/\/fintes.at\/#\/schema\/logo\/image\/\",\"url\":\"https:\/\/fintes.at\/wp-content\/uploads\/2025\/09\/fintes-logo.png\",\"contentUrl\":\"https:\/\/fintes.at\/wp-content\/uploads\/2025\/09\/fintes-logo.png\",\"width\":2000,\"height\":2000,\"caption\":\"FINTES CNC-Metallverarbeitung\"},\"image\":{\"@id\":\"https:\/\/fintes.at\/#\/schema\/logo\/image\/\"},\"sameAs\":[\"https:\/\/www.instagram.com\/fintes_gmbh\/\"]}]}<\/script>\n<!-- \/ Yoast SEO plugin. -->","yoast_head_json":{"title":"Historie \u010desk\u00e9 divize spole\u010dnost\u00ed Fintes","robots":{"index":"index","follow":"follow","max-snippet":"max-snippet:-1","max-image-preview":"max-image-preview:large","max-video-preview":"max-video-preview:-1"},"canonical":"https:\/\/fintes.at\/cs\/historie\/","og_locale":"en_US","og_type":"article","og_title":"Historie \u010desk\u00e9 divize spole\u010dnost\u00ed Fintes","og_description":"Historie 1997 &#8211; zalo\u017een\u00ed firmy a z\u00edsk\u00e1n\u00ed prvn\u00ed zak\u00e1zky 2001 &#8211; st\u011bhov\u00e1n\u00ed do nov\u00fdch v\u00fdrobn\u00edch prostor a po\u0159\u00edzen\u00ed nov\u00fdch technologii 2002 &#8211; po\u0159\u00edzen\u00ed skladov\u00e9 textiln\u00ed haly 2004 &#8211; dokon\u010den\u00ed druh\u00e9 haly a rozd\u011blen\u00ed z\u00e1me\u010dnick\u00e9 a CNC v\u00fdroby 2007 &#8211; p\u0159\u00edstavba sva\u0159ovny a zv\u011bt\u0161en\u00ed skladov\u00e9 textiln\u00ed haly 2013 &#8211; stavba haly 3 a haly 4 2015&hellip;","og_url":"https:\/\/fintes.at\/cs\/historie\/","og_site_name":"FINTES CNC-Metallverarbeitung","og_image":[{"url":"https:\/\/fintes.at\/wp-content\/uploads\/2026\/02\/FintesPribraz02history.webp","type":"","width":"","height":""}],"twitter_card":"summary_large_image","schema":{"@context":"https:\/\/schema.org","@graph":[{"@type":"WebPage","@id":"https:\/\/fintes.at\/cs\/historie\/","url":"https:\/\/fintes.at\/cs\/historie\/","name":"Historie \u010desk\u00e9 divize spole\u010dnost\u00ed Fintes","isPartOf":{"@id":"https:\/\/fintes.at\/#website"},"primaryImageOfPage":{"@id":"https:\/\/fintes.at\/cs\/historie\/#primaryimage"},"image":{"@id":"https:\/\/fintes.at\/cs\/historie\/#primaryimage"},"thumbnailUrl":"https:\/\/fintes.at\/wp-content\/uploads\/2026\/02\/FintesPribraz02history.webp","datePublished":"2026-02-12T12:56:26+00:00","breadcrumb":{"@id":"https:\/\/fintes.at\/cs\/historie\/#breadcrumb"},"inLanguage":"CZ","potentialAction":[{"@type":"ReadAction","target":["https:\/\/fintes.at\/cs\/historie\/"]}]},{"@type":"ImageObject","inLanguage":"CZ","@id":"https:\/\/fintes.at\/cs\/historie\/#primaryimage","url":"https:\/\/fintes.at\/wp-content\/uploads\/2026\/02\/FintesPribraz02history.webp","contentUrl":"https:\/\/fintes.at\/wp-content\/uploads\/2026\/02\/FintesPribraz02history.webp"},{"@type":"BreadcrumbList","@id":"https:\/\/fintes.at\/cs\/historie\/#breadcrumb","itemListElement":[{"@type":"ListItem","position":1,"name":"Home","item":"https:\/\/fintes.at\/cs\/"},{"@type":"ListItem","position":2,"name":"Historie"}]},{"@type":"WebSite","@id":"https:\/\/fintes.at\/#website","url":"https:\/\/fintes.at\/","name":"FINTES CNC-Metallverarbeitung","description":"","publisher":{"@id":"https:\/\/fintes.at\/#organization"},"alternateName":"CNC Drehen und Fr\u00e4sen","potentialAction":[{"@type":"SearchAction","target":{"@type":"EntryPoint","urlTemplate":"https:\/\/fintes.at\/?s={search_term_string}"},"query-input":{"@type":"PropertyValueSpecification","valueRequired":true,"valueName":"search_term_string"}}],"inLanguage":"CZ"},{"@type":"Organization","@id":"https:\/\/fintes.at\/#organization","name":"FINTES CNC-Metallverarbeitung","alternateName":"Fintes CNC Drehen und Fr\u00e4sen","url":"https:\/\/fintes.at\/","logo":{"@type":"ImageObject","inLanguage":"CZ","@id":"https:\/\/fintes.at\/#\/schema\/logo\/image\/","url":"https:\/\/fintes.at\/wp-content\/uploads\/2025\/09\/fintes-logo.png","contentUrl":"https:\/\/fintes.at\/wp-content\/uploads\/2025\/09\/fintes-logo.png","width":2000,"height":2000,"caption":"FINTES CNC-Metallverarbeitung"},"image":{"@id":"https:\/\/fintes.at\/#\/schema\/logo\/image\/"},"sameAs":["https:\/\/www.instagram.com\/fintes_gmbh\/"]}]}},"_links":{"self":[{"href":"https:\/\/fintes.at\/cs\/wp-json\/wp\/v2\/pages\/1322","targetHints":{"allow":["GET"]}}],"collection":[{"href":"https:\/\/fintes.at\/cs\/wp-json\/wp\/v2\/pages"}],"about":[{"href":"https:\/\/fintes.at\/cs\/wp-json\/wp\/v2\/types\/page"}],"author":[{"embeddable":true,"href":"https:\/\/fintes.at\/cs\/wp-json\/wp\/v2\/users\/5"}],"replies":[{"embeddable":true,"href":"https:\/\/fintes.at\/cs\/wp-json\/wp\/v2\/comments?post=1322"}],"version-history":[{"count":2,"href":"https:\/\/fintes.at\/cs\/wp-json\/wp\/v2\/pages\/1322\/revisions"}],"predecessor-version":[{"id":1329,"href":"https:\/\/fintes.at\/cs\/wp-json\/wp\/v2\/pages\/1322\/revisions\/1329"}],"wp:attachment":[{"href":"https:\/\/fintes.at\/cs\/wp-json\/wp\/v2\/media?parent=1322"}],"curies":[{"name":"wp","href":"https:\/\/api.w.org\/{rel}","templated":true}]}}