{"id":1330,"date":"2026-02-12T15:59:14","date_gmt":"2026-02-12T14:59:14","guid":{"rendered":"https:\/\/fintes.at\/?page_id=1330"},"modified":"2026-02-13T09:17:17","modified_gmt":"2026-02-13T08:17:17","slug":"spolecnost","status":"publish","type":"page","link":"https:\/\/fintes.at\/cs\/spolecnost\/","title":{"rendered":"Spole\u010dnost"},"content":{"rendered":"\n\n\t<p><strong>CNC OBR\u00c1B\u011aN\u00cd<\/strong><\/p>\n<figure itemscope itemtype=\"https:\/\/schema.org\/ImageObject\">\n\t\t\t\t<img decoding=\"async\" class=\"lazyload\" src=\"data:image\/gif;base64,R0lGODlhAQABAIAAAAAAAP\/\/\/yH5BAEAAAAALAAAAAABAAEAAAIBRAA7\" data-src=\"https:\/\/fintes.at\/wp-content\/uploads\/2026\/02\/LOGO_CNC_1-253x300.jpg\" alt=\"LOGO_CNC_1\" height=\"300\" width=\"253\" title=\"LOGO_CNC_1\" onerror=\"this.style.display='none'\" loading=\"lazy\" \/><noscript><img decoding=\"async\" class=\"lazyload\" src=\"https:\/\/fintes.at\/wp-content\/uploads\/2026\/02\/LOGO_CNC_1-253x300.jpg\" alt=\"LOGO_CNC_1\" height=\"300\" width=\"253\" title=\"LOGO_CNC_1\" onerror=\"this.style.display='none'\" loading=\"lazy\" \/><\/noscript>\n\t<\/figure>\n\t<p><a href=\"https:\/\/fintes.at\/cs\/spolecnost\/divize-cnc\"><b>FINTES s.r.o. <\/b><\/a>se specializuje na p\u0159esn\u00e9 CNC obr\u00e1b\u011bn\u00ed d\u00edl\u016f p\u0159\u00edrubov\u00e9ho charakteru dle v\u00fdkresov\u00e9 dokumentace z\u00e1kazn\u00edka. Nevyh\u00fdb\u00e1me se v\u0161ak jin\u00fdm v\u00fdzv\u00e1m, pokud n\u00e1m to dovol\u00ed technick\u00e1 specifikace na\u0161ich obr\u00e1b\u011bc\u00edch stroj\u016f.<\/p>\n\t<p><strong>Z\u00c1ME\u010cNICK\u00c1 V\u00ddROBA, SPECIALIZACE NA HLIN\u00cdK<\/strong><\/p>\n<figure itemscope itemtype=\"https:\/\/schema.org\/ImageObject\">\n\t\t\t\t<img decoding=\"async\" class=\"lazyload\" src=\"data:image\/gif;base64,R0lGODlhAQABAIAAAAAAAP\/\/\/yH5BAEAAAAALAAAAAABAAEAAAIBRAA7\" data-src=\"https:\/\/fintes.at\/wp-content\/uploads\/2026\/02\/LOGO_ALU_1.jpg\" alt=\"LOGO_ALU_1\" height=\"539\" width=\"465\" title=\"LOGO_ALU_1\" onerror=\"this.style.display='none'\" loading=\"lazy\" \/><noscript><img decoding=\"async\" class=\"lazyload\" src=\"https:\/\/fintes.at\/wp-content\/uploads\/2026\/02\/LOGO_ALU_1.jpg\" alt=\"LOGO_ALU_1\" height=\"539\" width=\"465\" title=\"LOGO_ALU_1\" onerror=\"this.style.display='none'\" loading=\"lazy\" \/><\/noscript>\n\t<\/figure>\n\t<table>\n<tbody>\n<tr>\n<td><a href=\"https:\/\/fintes.at\/cs\/spolecnost\/divize-alu\"><b>FINTES Aluminium s.r.o. <\/b><\/a>se zam\u011b\u0159uje na v\u00fdrobu kvalitn\u00edch hlin\u00edkov\u00fdch \u017eeb\u0159\u00edk\u016f, samoz\u0159ejm\u011b spl\u0148uj\u00edc\u00ed normy podle T\u00dcV. D\u00edky vlastn\u00ed v\u00fdrob\u011b a technick\u00e9mu z\u00e1zem\u00ed nab\u00edz\u00edme bezpe\u010dn\u00e9, odoln\u00e9 a praktick\u00e9 produkty s vysokou nosnost\u00ed (a\u017e 150 kg) pro profesion\u00e1ln\u00ed i dom\u00e1c\u00ed pou\u017eit\u00ed.<\/td>\n<\/tr>\n<\/tbody>\n<\/table>\n\n","protected":false},"excerpt":{"rendered":"<p>CNC OBR\u00c1B\u011aN\u00cd FINTES s.r.o. se specializuje na p\u0159esn\u00e9 CNC obr\u00e1b\u011bn\u00ed d\u00edl\u016f p\u0159\u00edrubov\u00e9ho charakteru dle v\u00fdkresov\u00e9 dokumentace z\u00e1kazn\u00edka. Nevyh\u00fdb\u00e1me se v\u0161ak jin\u00fdm v\u00fdzv\u00e1m, pokud n\u00e1m to dovol\u00ed technick\u00e1 specifikace na\u0161ich obr\u00e1b\u011bc\u00edch stroj\u016f. Z\u00c1ME\u010cNICK\u00c1 V\u00ddROBA, SPECIALIZACE NA HLIN\u00cdK FINTES Aluminium s.r.o. se zam\u011b\u0159uje na v\u00fdrobu kvalitn\u00edch hlin\u00edkov\u00fdch \u017eeb\u0159\u00edk\u016f, samoz\u0159ejm\u011b spl\u0148uj\u00edc\u00ed normy podle T\u00dcV. D\u00edky vlastn\u00ed v\u00fdrob\u011b a&hellip;<\/p>\n","protected":false},"author":5,"featured_media":0,"parent":0,"menu_order":0,"comment_status":"closed","ping_status":"closed","template":"","meta":{"_acf_changed":false,"inline_featured_image":false,"footnotes":""},"class_list":["post-1330","page","type-page","status-publish","hentry"],"acf":[],"yoast_head":"<!-- This site is optimized with the Yoast SEO plugin v26.9 - https:\/\/yoast.com\/product\/yoast-seo-wordpress\/ -->\n<title>Spole\u010dnost - FINTES se zab\u00fdv\u00e1<\/title>\n<meta name=\"description\" content=\"CNC zak\u00e1zkov\u00e9 kovoobr\u00e1b\u011bn\u00ed, stroj\u00edrensk\u00e1 v\u00fdroba, obr\u00e1b\u011bn\u00ed d\u00edl\u016f pro automotive, robotick\u00e9 sva\u0159ov\u00e1n\u00ed hlin\u00edku a hlin\u00edkov\u00fdch konstrukc\u00ed\" \/>\n<meta name=\"robots\" content=\"index, follow, max-snippet:-1, max-image-preview:large, max-video-preview:-1\" \/>\n<link rel=\"canonical\" href=\"https:\/\/fintes.at\/cs\/spolecnost\/\" \/>\n<meta property=\"og:locale\" content=\"en_US\" \/>\n<meta property=\"og:type\" content=\"article\" \/>\n<meta property=\"og:title\" content=\"Spole\u010dnost - FINTES se zab\u00fdv\u00e1\" \/>\n<meta property=\"og:description\" content=\"CNC zak\u00e1zkov\u00e9 kovoobr\u00e1b\u011bn\u00ed, stroj\u00edrensk\u00e1 v\u00fdroba, obr\u00e1b\u011bn\u00ed d\u00edl\u016f pro automotive, robotick\u00e9 sva\u0159ov\u00e1n\u00ed hlin\u00edku a hlin\u00edkov\u00fdch konstrukc\u00ed\" \/>\n<meta property=\"og:url\" content=\"https:\/\/fintes.at\/cs\/spolecnost\/\" \/>\n<meta property=\"og:site_name\" content=\"FINTES CNC-Metallverarbeitung\" \/>\n<meta property=\"article:modified_time\" content=\"2026-02-13T08:17:17+00:00\" \/>\n<meta property=\"og:image\" content=\"https:\/\/fintes.at\/wp-content\/uploads\/2026\/02\/LOGO_CNC_1-253x300.jpg\" \/>\n<meta name=\"twitter:card\" content=\"summary_large_image\" \/>\n<meta name=\"twitter:label1\" content=\"Est. reading time\" \/>\n\t<meta name=\"twitter:data1\" content=\"1 minute\" \/>\n<script type=\"application\/ld+json\" class=\"yoast-schema-graph\">{\"@context\":\"https:\/\/schema.org\",\"@graph\":[{\"@type\":\"WebPage\",\"@id\":\"https:\/\/fintes.at\/cs\/spolecnost\/\",\"url\":\"https:\/\/fintes.at\/cs\/spolecnost\/\",\"name\":\"Spole\u010dnost - FINTES se zab\u00fdv\u00e1\",\"isPartOf\":{\"@id\":\"https:\/\/fintes.at\/#website\"},\"primaryImageOfPage\":{\"@id\":\"https:\/\/fintes.at\/cs\/spolecnost\/#primaryimage\"},\"image\":{\"@id\":\"https:\/\/fintes.at\/cs\/spolecnost\/#primaryimage\"},\"thumbnailUrl\":\"https:\/\/fintes.at\/wp-content\/uploads\/2026\/02\/LOGO_CNC_1-253x300.jpg\",\"datePublished\":\"2026-02-12T14:59:14+00:00\",\"dateModified\":\"2026-02-13T08:17:17+00:00\",\"description\":\"CNC zak\u00e1zkov\u00e9 kovoobr\u00e1b\u011bn\u00ed, stroj\u00edrensk\u00e1 v\u00fdroba, obr\u00e1b\u011bn\u00ed d\u00edl\u016f pro automotive, robotick\u00e9 sva\u0159ov\u00e1n\u00ed hlin\u00edku a hlin\u00edkov\u00fdch konstrukc\u00ed\",\"breadcrumb\":{\"@id\":\"https:\/\/fintes.at\/cs\/spolecnost\/#breadcrumb\"},\"inLanguage\":\"CZ\",\"potentialAction\":[{\"@type\":\"ReadAction\",\"target\":[\"https:\/\/fintes.at\/cs\/spolecnost\/\"]}]},{\"@type\":\"ImageObject\",\"inLanguage\":\"CZ\",\"@id\":\"https:\/\/fintes.at\/cs\/spolecnost\/#primaryimage\",\"url\":\"https:\/\/fintes.at\/wp-content\/uploads\/2026\/02\/LOGO_CNC_1-253x300.jpg\",\"contentUrl\":\"https:\/\/fintes.at\/wp-content\/uploads\/2026\/02\/LOGO_CNC_1-253x300.jpg\"},{\"@type\":\"BreadcrumbList\",\"@id\":\"https:\/\/fintes.at\/cs\/spolecnost\/#breadcrumb\",\"itemListElement\":[{\"@type\":\"ListItem\",\"position\":1,\"name\":\"Home\",\"item\":\"https:\/\/fintes.at\/cs\/\"},{\"@type\":\"ListItem\",\"position\":2,\"name\":\"Spole\u010dnost\"}]},{\"@type\":\"WebSite\",\"@id\":\"https:\/\/fintes.at\/#website\",\"url\":\"https:\/\/fintes.at\/\",\"name\":\"FINTES CNC-Metallverarbeitung\",\"description\":\"\",\"publisher\":{\"@id\":\"https:\/\/fintes.at\/#organization\"},\"alternateName\":\"CNC Drehen und Fr\u00e4sen\",\"potentialAction\":[{\"@type\":\"SearchAction\",\"target\":{\"@type\":\"EntryPoint\",\"urlTemplate\":\"https:\/\/fintes.at\/?s={search_term_string}\"},\"query-input\":{\"@type\":\"PropertyValueSpecification\",\"valueRequired\":true,\"valueName\":\"search_term_string\"}}],\"inLanguage\":\"CZ\"},{\"@type\":\"Organization\",\"@id\":\"https:\/\/fintes.at\/#organization\",\"name\":\"FINTES CNC-Metallverarbeitung\",\"alternateName\":\"Fintes CNC Drehen und Fr\u00e4sen\",\"url\":\"https:\/\/fintes.at\/\",\"logo\":{\"@type\":\"ImageObject\",\"inLanguage\":\"CZ\",\"@id\":\"https:\/\/fintes.at\/#\/schema\/logo\/image\/\",\"url\":\"https:\/\/fintes.at\/wp-content\/uploads\/2025\/09\/fintes-logo.png\",\"contentUrl\":\"https:\/\/fintes.at\/wp-content\/uploads\/2025\/09\/fintes-logo.png\",\"width\":2000,\"height\":2000,\"caption\":\"FINTES CNC-Metallverarbeitung\"},\"image\":{\"@id\":\"https:\/\/fintes.at\/#\/schema\/logo\/image\/\"},\"sameAs\":[\"https:\/\/www.instagram.com\/fintes_gmbh\/\"]}]}<\/script>\n<!-- \/ Yoast SEO plugin. -->","yoast_head_json":{"title":"Spole\u010dnost - FINTES se zab\u00fdv\u00e1","description":"CNC zak\u00e1zkov\u00e9 kovoobr\u00e1b\u011bn\u00ed, stroj\u00edrensk\u00e1 v\u00fdroba, obr\u00e1b\u011bn\u00ed d\u00edl\u016f pro automotive, robotick\u00e9 sva\u0159ov\u00e1n\u00ed hlin\u00edku a hlin\u00edkov\u00fdch konstrukc\u00ed","robots":{"index":"index","follow":"follow","max-snippet":"max-snippet:-1","max-image-preview":"max-image-preview:large","max-video-preview":"max-video-preview:-1"},"canonical":"https:\/\/fintes.at\/cs\/spolecnost\/","og_locale":"en_US","og_type":"article","og_title":"Spole\u010dnost - FINTES se zab\u00fdv\u00e1","og_description":"CNC zak\u00e1zkov\u00e9 kovoobr\u00e1b\u011bn\u00ed, stroj\u00edrensk\u00e1 v\u00fdroba, obr\u00e1b\u011bn\u00ed d\u00edl\u016f pro automotive, robotick\u00e9 sva\u0159ov\u00e1n\u00ed hlin\u00edku a hlin\u00edkov\u00fdch konstrukc\u00ed","og_url":"https:\/\/fintes.at\/cs\/spolecnost\/","og_site_name":"FINTES CNC-Metallverarbeitung","article_modified_time":"2026-02-13T08:17:17+00:00","og_image":[{"url":"https:\/\/fintes.at\/wp-content\/uploads\/2026\/02\/LOGO_CNC_1-253x300.jpg","type":"","width":"","height":""}],"twitter_card":"summary_large_image","twitter_misc":{"Est. reading time":"1 minute"},"schema":{"@context":"https:\/\/schema.org","@graph":[{"@type":"WebPage","@id":"https:\/\/fintes.at\/cs\/spolecnost\/","url":"https:\/\/fintes.at\/cs\/spolecnost\/","name":"Spole\u010dnost - FINTES se zab\u00fdv\u00e1","isPartOf":{"@id":"https:\/\/fintes.at\/#website"},"primaryImageOfPage":{"@id":"https:\/\/fintes.at\/cs\/spolecnost\/#primaryimage"},"image":{"@id":"https:\/\/fintes.at\/cs\/spolecnost\/#primaryimage"},"thumbnailUrl":"https:\/\/fintes.at\/wp-content\/uploads\/2026\/02\/LOGO_CNC_1-253x300.jpg","datePublished":"2026-02-12T14:59:14+00:00","dateModified":"2026-02-13T08:17:17+00:00","description":"CNC zak\u00e1zkov\u00e9 kovoobr\u00e1b\u011bn\u00ed, stroj\u00edrensk\u00e1 v\u00fdroba, obr\u00e1b\u011bn\u00ed d\u00edl\u016f pro automotive, robotick\u00e9 sva\u0159ov\u00e1n\u00ed hlin\u00edku a hlin\u00edkov\u00fdch konstrukc\u00ed","breadcrumb":{"@id":"https:\/\/fintes.at\/cs\/spolecnost\/#breadcrumb"},"inLanguage":"CZ","potentialAction":[{"@type":"ReadAction","target":["https:\/\/fintes.at\/cs\/spolecnost\/"]}]},{"@type":"ImageObject","inLanguage":"CZ","@id":"https:\/\/fintes.at\/cs\/spolecnost\/#primaryimage","url":"https:\/\/fintes.at\/wp-content\/uploads\/2026\/02\/LOGO_CNC_1-253x300.jpg","contentUrl":"https:\/\/fintes.at\/wp-content\/uploads\/2026\/02\/LOGO_CNC_1-253x300.jpg"},{"@type":"BreadcrumbList","@id":"https:\/\/fintes.at\/cs\/spolecnost\/#breadcrumb","itemListElement":[{"@type":"ListItem","position":1,"name":"Home","item":"https:\/\/fintes.at\/cs\/"},{"@type":"ListItem","position":2,"name":"Spole\u010dnost"}]},{"@type":"WebSite","@id":"https:\/\/fintes.at\/#website","url":"https:\/\/fintes.at\/","name":"FINTES CNC-Metallverarbeitung","description":"","publisher":{"@id":"https:\/\/fintes.at\/#organization"},"alternateName":"CNC Drehen und Fr\u00e4sen","potentialAction":[{"@type":"SearchAction","target":{"@type":"EntryPoint","urlTemplate":"https:\/\/fintes.at\/?s={search_term_string}"},"query-input":{"@type":"PropertyValueSpecification","valueRequired":true,"valueName":"search_term_string"}}],"inLanguage":"CZ"},{"@type":"Organization","@id":"https:\/\/fintes.at\/#organization","name":"FINTES CNC-Metallverarbeitung","alternateName":"Fintes CNC Drehen und Fr\u00e4sen","url":"https:\/\/fintes.at\/","logo":{"@type":"ImageObject","inLanguage":"CZ","@id":"https:\/\/fintes.at\/#\/schema\/logo\/image\/","url":"https:\/\/fintes.at\/wp-content\/uploads\/2025\/09\/fintes-logo.png","contentUrl":"https:\/\/fintes.at\/wp-content\/uploads\/2025\/09\/fintes-logo.png","width":2000,"height":2000,"caption":"FINTES CNC-Metallverarbeitung"},"image":{"@id":"https:\/\/fintes.at\/#\/schema\/logo\/image\/"},"sameAs":["https:\/\/www.instagram.com\/fintes_gmbh\/"]}]}},"_links":{"self":[{"href":"https:\/\/fintes.at\/cs\/wp-json\/wp\/v2\/pages\/1330","targetHints":{"allow":["GET"]}}],"collection":[{"href":"https:\/\/fintes.at\/cs\/wp-json\/wp\/v2\/pages"}],"about":[{"href":"https:\/\/fintes.at\/cs\/wp-json\/wp\/v2\/types\/page"}],"author":[{"embeddable":true,"href":"https:\/\/fintes.at\/cs\/wp-json\/wp\/v2\/users\/5"}],"replies":[{"embeddable":true,"href":"https:\/\/fintes.at\/cs\/wp-json\/wp\/v2\/comments?post=1330"}],"version-history":[{"count":7,"href":"https:\/\/fintes.at\/cs\/wp-json\/wp\/v2\/pages\/1330\/revisions"}],"predecessor-version":[{"id":1582,"href":"https:\/\/fintes.at\/cs\/wp-json\/wp\/v2\/pages\/1330\/revisions\/1582"}],"wp:attachment":[{"href":"https:\/\/fintes.at\/cs\/wp-json\/wp\/v2\/media?parent=1330"}],"curies":[{"name":"wp","href":"https:\/\/api.w.org\/{rel}","templated":true}]}}