{"id":1513,"date":"2026-02-12T18:12:34","date_gmt":"2026-02-12T17:12:34","guid":{"rendered":"https:\/\/fintes.at\/?page_id=1513"},"modified":"2026-02-12T18:26:19","modified_gmt":"2026-02-12T17:26:19","slug":"divize-alu","status":"publish","type":"page","link":"https:\/\/fintes.at\/cs\/spolecnost\/divize-alu\/","title":{"rendered":"FINTES Aluminium s.r.o."},"content":{"rendered":"\n<figure itemscope itemtype=\"https:\/\/schema.org\/ImageObject\">\n\t\t\t\t<img decoding=\"async\" class=\"lazyload\" src=\"data:image\/gif;base64,R0lGODlhAQABAIAAAAAAAP\/\/\/yH5BAEAAAAALAAAAAABAAEAAAIBRAA7\" data-src=\"https:\/\/fintes.at\/wp-content\/uploads\/2026\/02\/LOGO_ALU_1.jpg\" alt=\"LOGO_ALU_1\" height=\"539\" width=\"465\" title=\"LOGO_ALU_1\" onerror=\"this.style.display='none'\" loading=\"lazy\" \/><noscript><img decoding=\"async\" class=\"lazyload\" src=\"https:\/\/fintes.at\/wp-content\/uploads\/2026\/02\/LOGO_ALU_1.jpg\" alt=\"LOGO_ALU_1\" height=\"539\" width=\"465\" title=\"LOGO_ALU_1\" onerror=\"this.style.display='none'\" loading=\"lazy\" \/><\/noscript>\n\t<\/figure>\n\t<p><b>FINTES Aluminium s.r.o. <\/b>se zam\u011b\u0159uje na v\u00fdrobu kvalitn\u00edch hlin\u00edkov\u00fdch \u017eeb\u0159\u00edk\u016f, samoz\u0159ejm\u011b spl\u0148uj\u00edc\u00ed normy podle T\u00dcV<\/p>\n<p>D\u00edky vlastn\u00ed v\u00fdrob\u011b a technick\u00e9mu z\u00e1zem\u00ed nab\u00edz\u00edme bezpe\u010dn\u00e9, odoln\u00e9 a praktick\u00e9 produkty s vysokou nosnost\u00ed (a\u017e 150 kg) pro profesion\u00e1ln\u00ed i dom\u00e1c\u00ed pou\u017eit\u00ed.<\/p>\n<p>Z\u00e1rove\u0148 m\u016f\u017eeme zajistit jak klasick\u00e9 ru\u010dn\u00ed tak robotick\u00e9 sva\u0159ov\u00e1n\u00ed hlin\u00edku metodami TIG a MIG.<\/p>\n<p>D\u00e1le jsme schopni v p\u0159\u00edpad\u011b kompletn\u00edho v\u00fdrobku zajistit v kooperaci oh\u00fdb\u00e1n\u00ed \u0159ez\u00e1n\u00ed plazmou \u010di laserem a galvanick\u00e9 o\u0161et\u0159en\u00ed v\u00fdrobk\u016f<\/p>\n\t<p><b>Sortiment<\/b> <\/p>\n<ul>\n<li>jednod\u00edln\u00e9 \u017eeb\u0159\u00edky<\/li>\n<li>v\u00edced\u00edln\u00e9 \u017eeb\u0159\u00edky<\/li>\n<li>hlin\u00edkov\u00e9 le\u0161en\u00ed<\/li>\n<li>teleskopick\u00e9 \u0161tafle<\/li>\n<li>zak\u00e1zkov\u00e1 v\u00fdroba (na dotaz)<\/li>\n<\/ul>\n<figure itemscope itemtype=\"https:\/\/schema.org\/ImageObject\">\n\t\t\t\t<img decoding=\"async\" class=\"lazyload\" src=\"data:image\/gif;base64,R0lGODlhAQABAIAAAAAAAP\/\/\/yH5BAEAAAAALAAAAAABAAEAAAIBRAA7\" data-src=\"https:\/\/fintes.at\/wp-content\/uploads\/2026\/02\/IMG_4144_processed_by_imagy_processed_by_imagy.webp\" alt=\"IMG_4144_processed_by_imagy_processed_by_imagy\" height=\"1080\" width=\"1920\" title=\"IMG_4144_processed_by_imagy_processed_by_imagy\" onerror=\"this.style.display='none'\" loading=\"lazy\" \/><noscript><img decoding=\"async\" class=\"lazyload\" src=\"https:\/\/fintes.at\/wp-content\/uploads\/2026\/02\/IMG_4144_processed_by_imagy_processed_by_imagy.webp\" alt=\"IMG_4144_processed_by_imagy_processed_by_imagy\" height=\"1080\" width=\"1920\" title=\"IMG_4144_processed_by_imagy_processed_by_imagy\" onerror=\"this.style.display='none'\" loading=\"lazy\" \/><\/noscript>\n\t<\/figure>\n\n","protected":false},"excerpt":{"rendered":"<p>FINTES Aluminium s.r.o. se zam\u011b\u0159uje na v\u00fdrobu kvalitn\u00edch hlin\u00edkov\u00fdch \u017eeb\u0159\u00edk\u016f, samoz\u0159ejm\u011b spl\u0148uj\u00edc\u00ed normy podle T\u00dcV D\u00edky vlastn\u00ed v\u00fdrob\u011b a technick\u00e9mu z\u00e1zem\u00ed nab\u00edz\u00edme bezpe\u010dn\u00e9, odoln\u00e9 a praktick\u00e9 produkty s vysokou nosnost\u00ed (a\u017e 150 kg) pro profesion\u00e1ln\u00ed i dom\u00e1c\u00ed pou\u017eit\u00ed. Z\u00e1rove\u0148 m\u016f\u017eeme zajistit jak klasick\u00e9 ru\u010dn\u00ed tak robotick\u00e9 sva\u0159ov\u00e1n\u00ed hlin\u00edku metodami TIG a MIG. D\u00e1le jsme schopni&hellip;<\/p>\n","protected":false},"author":5,"featured_media":0,"parent":1330,"menu_order":0,"comment_status":"closed","ping_status":"closed","template":"","meta":{"_acf_changed":false,"inline_featured_image":false,"footnotes":""},"class_list":["post-1513","page","type-page","status-publish","hentry"],"acf":[],"yoast_head":"<!-- This site is optimized with the Yoast SEO plugin v26.9 - https:\/\/yoast.com\/product\/yoast-seo-wordpress\/ -->\n<title>FINTES Aluminium s.r.o. - divize ALU - hlin\u00edkov\u00e9 v\u00fdroby<\/title>\n<meta name=\"description\" content=\"robotick\u00e9 sva\u0159ov\u00e1n\u00ed hlin\u00edku, sva\u0159ov\u00e1n\u00ed hlin\u00edkov\u00fdch konstrukc\u00ed, p\u0159esn\u00e9 \u0159ez\u00e1n\u00ed hlin\u00edkov\u00fdch profil\u016f, hlin\u00edkov\u00e9 polotovary, konstrukce na m\u00edru\" \/>\n<meta name=\"robots\" content=\"index, follow, max-snippet:-1, max-image-preview:large, max-video-preview:-1\" \/>\n<link rel=\"canonical\" href=\"https:\/\/fintes.at\/cs\/spolecnost\/divize-alu\/\" \/>\n<meta property=\"og:locale\" content=\"en_US\" \/>\n<meta property=\"og:type\" content=\"article\" \/>\n<meta property=\"og:title\" content=\"FINTES Aluminium s.r.o. - divize ALU - hlin\u00edkov\u00e9 v\u00fdroby\" \/>\n<meta property=\"og:description\" content=\"robotick\u00e9 sva\u0159ov\u00e1n\u00ed hlin\u00edku, sva\u0159ov\u00e1n\u00ed hlin\u00edkov\u00fdch konstrukc\u00ed, p\u0159esn\u00e9 \u0159ez\u00e1n\u00ed hlin\u00edkov\u00fdch profil\u016f, hlin\u00edkov\u00e9 polotovary, konstrukce na m\u00edru\" \/>\n<meta property=\"og:url\" content=\"https:\/\/fintes.at\/cs\/spolecnost\/divize-alu\/\" \/>\n<meta property=\"og:site_name\" content=\"FINTES CNC-Metallverarbeitung\" \/>\n<meta property=\"article:modified_time\" content=\"2026-02-12T17:26:19+00:00\" \/>\n<meta property=\"og:image\" content=\"https:\/\/fintes.at\/wp-content\/uploads\/2026\/02\/LOGO_ALU_1.jpg\" \/>\n<meta name=\"twitter:card\" content=\"summary_large_image\" \/>\n<meta name=\"twitter:label1\" content=\"Est. reading time\" \/>\n\t<meta name=\"twitter:data1\" content=\"2 minutes\" \/>\n<script type=\"application\/ld+json\" class=\"yoast-schema-graph\">{\"@context\":\"https:\/\/schema.org\",\"@graph\":[{\"@type\":\"WebPage\",\"@id\":\"https:\/\/fintes.at\/cs\/spolecnost\/divize-alu\/\",\"url\":\"https:\/\/fintes.at\/cs\/spolecnost\/divize-alu\/\",\"name\":\"FINTES Aluminium s.r.o. - divize ALU - hlin\u00edkov\u00e9 v\u00fdroby\",\"isPartOf\":{\"@id\":\"https:\/\/fintes.at\/#website\"},\"primaryImageOfPage\":{\"@id\":\"https:\/\/fintes.at\/cs\/spolecnost\/divize-alu\/#primaryimage\"},\"image\":{\"@id\":\"https:\/\/fintes.at\/cs\/spolecnost\/divize-alu\/#primaryimage\"},\"thumbnailUrl\":\"https:\/\/fintes.at\/wp-content\/uploads\/2026\/02\/LOGO_ALU_1.jpg\",\"datePublished\":\"2026-02-12T17:12:34+00:00\",\"dateModified\":\"2026-02-12T17:26:19+00:00\",\"description\":\"robotick\u00e9 sva\u0159ov\u00e1n\u00ed hlin\u00edku, sva\u0159ov\u00e1n\u00ed hlin\u00edkov\u00fdch konstrukc\u00ed, p\u0159esn\u00e9 \u0159ez\u00e1n\u00ed hlin\u00edkov\u00fdch profil\u016f, hlin\u00edkov\u00e9 polotovary, konstrukce na m\u00edru\",\"breadcrumb\":{\"@id\":\"https:\/\/fintes.at\/cs\/spolecnost\/divize-alu\/#breadcrumb\"},\"inLanguage\":\"CZ\",\"potentialAction\":[{\"@type\":\"ReadAction\",\"target\":[\"https:\/\/fintes.at\/cs\/spolecnost\/divize-alu\/\"]}]},{\"@type\":\"ImageObject\",\"inLanguage\":\"CZ\",\"@id\":\"https:\/\/fintes.at\/cs\/spolecnost\/divize-alu\/#primaryimage\",\"url\":\"https:\/\/fintes.at\/wp-content\/uploads\/2026\/02\/LOGO_ALU_1.jpg\",\"contentUrl\":\"https:\/\/fintes.at\/wp-content\/uploads\/2026\/02\/LOGO_ALU_1.jpg\"},{\"@type\":\"BreadcrumbList\",\"@id\":\"https:\/\/fintes.at\/cs\/spolecnost\/divize-alu\/#breadcrumb\",\"itemListElement\":[{\"@type\":\"ListItem\",\"position\":1,\"name\":\"Home\",\"item\":\"https:\/\/fintes.at\/cs\/\"},{\"@type\":\"ListItem\",\"position\":2,\"name\":\"Spole\u010dnost\",\"item\":\"https:\/\/fintes.at\/cs\/spolecnost\/\"},{\"@type\":\"ListItem\",\"position\":3,\"name\":\"FINTES Aluminium s.r.o.\"}]},{\"@type\":\"WebSite\",\"@id\":\"https:\/\/fintes.at\/#website\",\"url\":\"https:\/\/fintes.at\/\",\"name\":\"FINTES CNC-Metallverarbeitung\",\"description\":\"\",\"publisher\":{\"@id\":\"https:\/\/fintes.at\/#organization\"},\"alternateName\":\"CNC Drehen und Fr\u00e4sen\",\"potentialAction\":[{\"@type\":\"SearchAction\",\"target\":{\"@type\":\"EntryPoint\",\"urlTemplate\":\"https:\/\/fintes.at\/?s={search_term_string}\"},\"query-input\":{\"@type\":\"PropertyValueSpecification\",\"valueRequired\":true,\"valueName\":\"search_term_string\"}}],\"inLanguage\":\"CZ\"},{\"@type\":\"Organization\",\"@id\":\"https:\/\/fintes.at\/#organization\",\"name\":\"FINTES CNC-Metallverarbeitung\",\"alternateName\":\"Fintes CNC Drehen und Fr\u00e4sen\",\"url\":\"https:\/\/fintes.at\/\",\"logo\":{\"@type\":\"ImageObject\",\"inLanguage\":\"CZ\",\"@id\":\"https:\/\/fintes.at\/#\/schema\/logo\/image\/\",\"url\":\"https:\/\/fintes.at\/wp-content\/uploads\/2025\/09\/fintes-logo.png\",\"contentUrl\":\"https:\/\/fintes.at\/wp-content\/uploads\/2025\/09\/fintes-logo.png\",\"width\":2000,\"height\":2000,\"caption\":\"FINTES CNC-Metallverarbeitung\"},\"image\":{\"@id\":\"https:\/\/fintes.at\/#\/schema\/logo\/image\/\"},\"sameAs\":[\"https:\/\/www.instagram.com\/fintes_gmbh\/\"]}]}<\/script>\n<!-- \/ Yoast SEO plugin. -->","yoast_head_json":{"title":"FINTES Aluminium s.r.o. - divize ALU - hlin\u00edkov\u00e9 v\u00fdroby","description":"robotick\u00e9 sva\u0159ov\u00e1n\u00ed hlin\u00edku, sva\u0159ov\u00e1n\u00ed hlin\u00edkov\u00fdch konstrukc\u00ed, p\u0159esn\u00e9 \u0159ez\u00e1n\u00ed hlin\u00edkov\u00fdch profil\u016f, hlin\u00edkov\u00e9 polotovary, konstrukce na m\u00edru","robots":{"index":"index","follow":"follow","max-snippet":"max-snippet:-1","max-image-preview":"max-image-preview:large","max-video-preview":"max-video-preview:-1"},"canonical":"https:\/\/fintes.at\/cs\/spolecnost\/divize-alu\/","og_locale":"en_US","og_type":"article","og_title":"FINTES Aluminium s.r.o. - divize ALU - hlin\u00edkov\u00e9 v\u00fdroby","og_description":"robotick\u00e9 sva\u0159ov\u00e1n\u00ed hlin\u00edku, sva\u0159ov\u00e1n\u00ed hlin\u00edkov\u00fdch konstrukc\u00ed, p\u0159esn\u00e9 \u0159ez\u00e1n\u00ed hlin\u00edkov\u00fdch profil\u016f, hlin\u00edkov\u00e9 polotovary, konstrukce na m\u00edru","og_url":"https:\/\/fintes.at\/cs\/spolecnost\/divize-alu\/","og_site_name":"FINTES CNC-Metallverarbeitung","article_modified_time":"2026-02-12T17:26:19+00:00","og_image":[{"url":"https:\/\/fintes.at\/wp-content\/uploads\/2026\/02\/LOGO_ALU_1.jpg","type":"","width":"","height":""}],"twitter_card":"summary_large_image","twitter_misc":{"Est. reading time":"2 minutes"},"schema":{"@context":"https:\/\/schema.org","@graph":[{"@type":"WebPage","@id":"https:\/\/fintes.at\/cs\/spolecnost\/divize-alu\/","url":"https:\/\/fintes.at\/cs\/spolecnost\/divize-alu\/","name":"FINTES Aluminium s.r.o. - divize ALU - hlin\u00edkov\u00e9 v\u00fdroby","isPartOf":{"@id":"https:\/\/fintes.at\/#website"},"primaryImageOfPage":{"@id":"https:\/\/fintes.at\/cs\/spolecnost\/divize-alu\/#primaryimage"},"image":{"@id":"https:\/\/fintes.at\/cs\/spolecnost\/divize-alu\/#primaryimage"},"thumbnailUrl":"https:\/\/fintes.at\/wp-content\/uploads\/2026\/02\/LOGO_ALU_1.jpg","datePublished":"2026-02-12T17:12:34+00:00","dateModified":"2026-02-12T17:26:19+00:00","description":"robotick\u00e9 sva\u0159ov\u00e1n\u00ed hlin\u00edku, sva\u0159ov\u00e1n\u00ed hlin\u00edkov\u00fdch konstrukc\u00ed, p\u0159esn\u00e9 \u0159ez\u00e1n\u00ed hlin\u00edkov\u00fdch profil\u016f, hlin\u00edkov\u00e9 polotovary, konstrukce na m\u00edru","breadcrumb":{"@id":"https:\/\/fintes.at\/cs\/spolecnost\/divize-alu\/#breadcrumb"},"inLanguage":"CZ","potentialAction":[{"@type":"ReadAction","target":["https:\/\/fintes.at\/cs\/spolecnost\/divize-alu\/"]}]},{"@type":"ImageObject","inLanguage":"CZ","@id":"https:\/\/fintes.at\/cs\/spolecnost\/divize-alu\/#primaryimage","url":"https:\/\/fintes.at\/wp-content\/uploads\/2026\/02\/LOGO_ALU_1.jpg","contentUrl":"https:\/\/fintes.at\/wp-content\/uploads\/2026\/02\/LOGO_ALU_1.jpg"},{"@type":"BreadcrumbList","@id":"https:\/\/fintes.at\/cs\/spolecnost\/divize-alu\/#breadcrumb","itemListElement":[{"@type":"ListItem","position":1,"name":"Home","item":"https:\/\/fintes.at\/cs\/"},{"@type":"ListItem","position":2,"name":"Spole\u010dnost","item":"https:\/\/fintes.at\/cs\/spolecnost\/"},{"@type":"ListItem","position":3,"name":"FINTES Aluminium s.r.o."}]},{"@type":"WebSite","@id":"https:\/\/fintes.at\/#website","url":"https:\/\/fintes.at\/","name":"FINTES CNC-Metallverarbeitung","description":"","publisher":{"@id":"https:\/\/fintes.at\/#organization"},"alternateName":"CNC Drehen und Fr\u00e4sen","potentialAction":[{"@type":"SearchAction","target":{"@type":"EntryPoint","urlTemplate":"https:\/\/fintes.at\/?s={search_term_string}"},"query-input":{"@type":"PropertyValueSpecification","valueRequired":true,"valueName":"search_term_string"}}],"inLanguage":"CZ"},{"@type":"Organization","@id":"https:\/\/fintes.at\/#organization","name":"FINTES CNC-Metallverarbeitung","alternateName":"Fintes CNC Drehen und Fr\u00e4sen","url":"https:\/\/fintes.at\/","logo":{"@type":"ImageObject","inLanguage":"CZ","@id":"https:\/\/fintes.at\/#\/schema\/logo\/image\/","url":"https:\/\/fintes.at\/wp-content\/uploads\/2025\/09\/fintes-logo.png","contentUrl":"https:\/\/fintes.at\/wp-content\/uploads\/2025\/09\/fintes-logo.png","width":2000,"height":2000,"caption":"FINTES CNC-Metallverarbeitung"},"image":{"@id":"https:\/\/fintes.at\/#\/schema\/logo\/image\/"},"sameAs":["https:\/\/www.instagram.com\/fintes_gmbh\/"]}]}},"_links":{"self":[{"href":"https:\/\/fintes.at\/cs\/wp-json\/wp\/v2\/pages\/1513","targetHints":{"allow":["GET"]}}],"collection":[{"href":"https:\/\/fintes.at\/cs\/wp-json\/wp\/v2\/pages"}],"about":[{"href":"https:\/\/fintes.at\/cs\/wp-json\/wp\/v2\/types\/page"}],"author":[{"embeddable":true,"href":"https:\/\/fintes.at\/cs\/wp-json\/wp\/v2\/users\/5"}],"replies":[{"embeddable":true,"href":"https:\/\/fintes.at\/cs\/wp-json\/wp\/v2\/comments?post=1513"}],"version-history":[{"count":3,"href":"https:\/\/fintes.at\/cs\/wp-json\/wp\/v2\/pages\/1513\/revisions"}],"predecessor-version":[{"id":1517,"href":"https:\/\/fintes.at\/cs\/wp-json\/wp\/v2\/pages\/1513\/revisions\/1517"}],"up":[{"embeddable":true,"href":"https:\/\/fintes.at\/cs\/wp-json\/wp\/v2\/pages\/1330"}],"wp:attachment":[{"href":"https:\/\/fintes.at\/cs\/wp-json\/wp\/v2\/media?parent=1513"}],"curies":[{"name":"wp","href":"https:\/\/api.w.org\/{rel}","templated":true}]}}