{"id":439,"date":"2023-04-28T16:34:08","date_gmt":"2023-04-28T14:34:08","guid":{"rendered":"https:\/\/new.fintes.at\/oberflaechen\/"},"modified":"2023-05-26T20:10:40","modified_gmt":"2023-05-26T18:10:40","slug":"oberflaechen","status":"publish","type":"page","link":"https:\/\/fintes.at\/cs\/oberflaechen\/","title":{"rendered":"Povrchov\u00e9 plochy"},"content":{"rendered":"\n\n\t<nav aria-label=\"Leistungen\" itemscope=\"itemscope\" itemtype=\"https:\/\/schema.org\/SiteNavigationElement\">\n\t\t<ul id=\"menu-leistungen\"><li id=\"menu-item-339\"><a href=\"https:\/\/new.fintes.at\/cs\/cnc-drehen\/\" tabindex=\"0\" role=\"link\">CNC Soustru\u017een\u00ed<\/a><\/li><li id=\"menu-item-338\"><a href=\"https:\/\/new.fintes.at\/cs\/cnc-fraesen\/\" tabindex=\"0\" role=\"link\">CNC Fr\u00e9zov\u00e1n\u00ed<\/a><\/li><li id=\"menu-item-340\"><a href=\"https:\/\/new.fintes.at\/cs\/oberflaechen\/\" aria-current=\"page\" tabindex=\"0\" role=\"link\">Povrchov\u00e9 plochy<\/a><\/li><li id=\"menu-item-341\"><a href=\"https:\/\/new.fintes.at\/cs\/baugruppen\/\" tabindex=\"0\" role=\"link\">Konstruk\u010dn\u00ed skupiny<\/a><\/li><li id=\"menu-item-342\"><a href=\"https:\/\/new.fintes.at\/cs\/teleskopleitern\/\" tabindex=\"0\" role=\"link\">Teleskopick\u00e9 \u017eeb\u0159\u00edky<\/a><\/li><li id=\"menu-item-343\"><a href=\"https:\/\/new.fintes.at\/cs\/services\/\" tabindex=\"0\" role=\"link\">Slu\u017eby<\/a><\/li><\/ul>\n\t\t\t<\/nav>\n<h1>\n\t\tPOVRCHOV\u00c9 PLOCHY\n\t<\/h1>\n\t<h3>Povrchov\u00e9 plochy. Mo\u017en\u00e9 je t\u00e9m\u011b\u0159 v\u0161echno<\/h3>\n<p>Je samoz\u0159ejmost\u00ed, \u017ee sv\u00e9 p\u0159esn\u00e9 v\u00fdrobky dod\u00e1v\u00e1me s t\u00e9m\u011b\u0159 jakoukoli po\u017eadovanou povrchovou \u00fapravou: brou\u0161en\u00e9, trovalizovan\u00e9, povrstven\u00e9, eloxovan\u00e9, galvanizovan\u00e9, pr\u00e1\u0161kov\u011b lakovan\u00e9, lakovan\u00e9 &#8211; mo\u017en\u00e9 je t\u00e9m\u011b\u0159 v\u0161echno. Lze dos\u00e1hnout p\u0159esnosti povrchu a\u017e Ra 0,2 a obr\u00e1b\u011bt d\u00edly od pr\u016fm\u011bru 350 mm do d\u00e9lky 700 mm. Pokud jde o povrchovou \u00fapravu, spol\u00e9h\u00e1me se pouze na partnery, kte\u0159\u00ed sd\u00edlej\u00ed a spl\u0148uj\u00ed na\u0161e vysok\u00e9 standardy kvality.<\/p>\n\t\t\t\t<img decoding=\"async\" class=\"lazyload\" src=\"data:image\/gif;base64,R0lGODlhAQABAIAAAAAAAP\/\/\/yH5BAEAAAAALAAAAAABAAEAAAIBRAA7\" data-src=\"https:\/\/new.fintes.at\/wp-content\/uploads\/2023\/04\/Oberflaechen.jpg\" alt=\"Oberflaechen\" itemprop=\"image\" height=\"1257\" width=\"2275\" title=\"Oberflaechen\" onerror=\"this.style.display='none'\"  \/><noscript><img decoding=\"async\" class=\"lazyload\" src=\"https:\/\/new.fintes.at\/wp-content\/uploads\/2023\/04\/Oberflaechen.jpg\" alt=\"Oberflaechen\" itemprop=\"image\" height=\"1257\" width=\"2275\" title=\"Oberflaechen\" onerror=\"this.style.display='none'\"  \/><\/noscript>\n<h1>\n\t\tDOD\u00c1V\u00c1ME PRVOT\u0158\u00cdDN\u00cd V\u00ddROBKY, ABY NA\u0160I Z\u00c1KAZN\u00cdCI MOHLI POD\u00c1VAT PRVOT\u0158\u00cdDN\u00cd V\u00ddKONY\n\t<\/h1>\n\t<p>Jednotliv\u00e9 d\u00edly, prototypy, s\u00e9rie a konstruk\u010dn\u00ed skupiny vyr\u00e1b\u00edme s nekompromisn\u00ed p\u0159esnost\u00ed. Abychom v\u00e1m mohli nab\u00eddnout nejvy\u0161\u0161\u00ed kvalitu a ceny odpov\u00eddaj\u00edc\u00ed trhu, neust\u00e1le investujeme do inova\u010dn\u00edch technologi\u00ed t\u0159\u00edskov\u00e9ho obr\u00e1b\u011bn\u00ed &#8211; a samoz\u0159ejm\u011b do zam\u011bstnanc\u016f dbaj\u00edc\u00edch na kvalitu.<\/p>\n<p>Vyr\u00e1b\u00edme v mal\u00fdch, st\u0159edn\u00edch i velk\u00fdch d\u00e1vk\u00e1ch na nejmodern\u011bj\u0161\u00edch stroj\u00edch: hnac\u00ed h\u0159\u00eddele, \u0161rouby, hrdla, n\u00e1trubky, disky, n\u00e1pravy, kryty, trysky, n\u00e1boje kol, up\u00ednac\u00ed pouzdra, p\u0159\u00edruby, \u010depy a mnoho dal\u0161\u00edch sou\u010d\u00e1st\u00ed. Zkr\u00e1tka: firma FINTES vyr\u00e1b\u00ed to, co stroj\u00edrenstv\u00ed pot\u0159ebuje.<\/p>\n<h3>M\u00e1te z\u00e1jem o slu\u017eby spole\u010dnosti FINTES?<\/h3>\n<p>Kontaktujte n\u00e1s. R\u00e1di zodpov\u00edme va\u0161e dotazy a po\u0161leme cenovou nab\u00eddku.<\/p>\nTel. +43 5513 30 137-0<br \/>\noffice@fintes.at\n\n","protected":false},"excerpt":{"rendered":"<p>CNC Soustru\u017een\u00ed CNC Fr\u00e9zov\u00e1n\u00ed Povrchov\u00e9 plochy Konstruk\u010dn\u00ed skupiny Teleskopick\u00e9 \u017eeb\u0159\u00edky Slu\u017eby POVRCHOV\u00c9 PLOCHY Povrchov\u00e9 plochy. Mo\u017en\u00e9 je t\u00e9m\u011b\u0159 v\u0161echno Je samoz\u0159ejmost\u00ed, \u017ee sv\u00e9 p\u0159esn\u00e9 v\u00fdrobky dod\u00e1v\u00e1me s t\u00e9m\u011b\u0159 jakoukoli po\u017eadovanou povrchovou \u00fapravou: brou\u0161en\u00e9, trovalizovan\u00e9, povrstven\u00e9, eloxovan\u00e9, galvanizovan\u00e9, pr\u00e1\u0161kov\u011b lakovan\u00e9, lakovan\u00e9 &#8211; mo\u017en\u00e9 je t\u00e9m\u011b\u0159 v\u0161echno. Lze dos\u00e1hnout p\u0159esnosti povrchu a\u017e Ra 0,2 a obr\u00e1b\u011bt d\u00edly&hellip;<\/p>\n","protected":false},"author":1,"featured_media":0,"parent":0,"menu_order":0,"comment_status":"closed","ping_status":"closed","template":"","meta":{"_acf_changed":false,"inline_featured_image":false,"footnotes":""},"class_list":["post-439","page","type-page","status-publish","hentry"],"acf":[],"yoast_head":"<!-- This site is optimized with the Yoast SEO plugin v26.9 - https:\/\/yoast.com\/product\/yoast-seo-wordpress\/ -->\n<title>Povrchov\u00e9 plochy - FINTES CNC-Metallverarbeitung<\/title>\n<meta name=\"robots\" content=\"index, follow, max-snippet:-1, max-image-preview:large, max-video-preview:-1\" \/>\n<link rel=\"canonical\" href=\"https:\/\/fintes.at\/cs\/oberflaechen\/\" \/>\n<meta property=\"og:locale\" content=\"en_US\" \/>\n<meta property=\"og:type\" content=\"article\" \/>\n<meta property=\"og:title\" content=\"Povrchov\u00e9 plochy - FINTES CNC-Metallverarbeitung\" \/>\n<meta property=\"og:description\" content=\"CNC Soustru\u017een\u00ed CNC Fr\u00e9zov\u00e1n\u00ed Povrchov\u00e9 plochy Konstruk\u010dn\u00ed skupiny Teleskopick\u00e9 \u017eeb\u0159\u00edky Slu\u017eby POVRCHOV\u00c9 PLOCHY Povrchov\u00e9 plochy. Mo\u017en\u00e9 je t\u00e9m\u011b\u0159 v\u0161echno Je samoz\u0159ejmost\u00ed, \u017ee sv\u00e9 p\u0159esn\u00e9 v\u00fdrobky dod\u00e1v\u00e1me s t\u00e9m\u011b\u0159 jakoukoli po\u017eadovanou povrchovou \u00fapravou: brou\u0161en\u00e9, trovalizovan\u00e9, povrstven\u00e9, eloxovan\u00e9, galvanizovan\u00e9, pr\u00e1\u0161kov\u011b lakovan\u00e9, lakovan\u00e9 &#8211; mo\u017en\u00e9 je t\u00e9m\u011b\u0159 v\u0161echno. Lze dos\u00e1hnout p\u0159esnosti povrchu a\u017e Ra 0,2 a obr\u00e1b\u011bt d\u00edly&hellip;\" \/>\n<meta property=\"og:url\" content=\"https:\/\/fintes.at\/cs\/oberflaechen\/\" \/>\n<meta property=\"og:site_name\" content=\"FINTES CNC-Metallverarbeitung\" \/>\n<meta property=\"article:modified_time\" content=\"2023-05-26T18:10:40+00:00\" \/>\n<meta property=\"og:image\" content=\"https:\/\/new.fintes.at\/wp-content\/uploads\/2023\/04\/Oberflaechen.jpg\" \/>\n<meta name=\"twitter:card\" content=\"summary_large_image\" \/>\n<meta name=\"twitter:label1\" content=\"Est. reading time\" \/>\n\t<meta name=\"twitter:data1\" content=\"1 minute\" \/>\n<script type=\"application\/ld+json\" class=\"yoast-schema-graph\">{\"@context\":\"https:\/\/schema.org\",\"@graph\":[{\"@type\":\"WebPage\",\"@id\":\"https:\/\/fintes.at\/cs\/oberflaechen\/\",\"url\":\"https:\/\/fintes.at\/cs\/oberflaechen\/\",\"name\":\"Povrchov\u00e9 plochy - FINTES CNC-Metallverarbeitung\",\"isPartOf\":{\"@id\":\"https:\/\/fintes.at\/#website\"},\"primaryImageOfPage\":{\"@id\":\"https:\/\/fintes.at\/cs\/oberflaechen\/#primaryimage\"},\"image\":{\"@id\":\"https:\/\/fintes.at\/cs\/oberflaechen\/#primaryimage\"},\"thumbnailUrl\":\"https:\/\/new.fintes.at\/wp-content\/uploads\/2023\/04\/Oberflaechen.jpg\",\"datePublished\":\"2023-04-28T14:34:08+00:00\",\"dateModified\":\"2023-05-26T18:10:40+00:00\",\"breadcrumb\":{\"@id\":\"https:\/\/fintes.at\/cs\/oberflaechen\/#breadcrumb\"},\"inLanguage\":\"CZ\",\"potentialAction\":[{\"@type\":\"ReadAction\",\"target\":[\"https:\/\/fintes.at\/cs\/oberflaechen\/\"]}]},{\"@type\":\"ImageObject\",\"inLanguage\":\"CZ\",\"@id\":\"https:\/\/fintes.at\/cs\/oberflaechen\/#primaryimage\",\"url\":\"https:\/\/new.fintes.at\/wp-content\/uploads\/2023\/04\/Oberflaechen.jpg\",\"contentUrl\":\"https:\/\/new.fintes.at\/wp-content\/uploads\/2023\/04\/Oberflaechen.jpg\"},{\"@type\":\"BreadcrumbList\",\"@id\":\"https:\/\/fintes.at\/cs\/oberflaechen\/#breadcrumb\",\"itemListElement\":[{\"@type\":\"ListItem\",\"position\":1,\"name\":\"Home\",\"item\":\"https:\/\/fintes.at\/cs\/\"},{\"@type\":\"ListItem\",\"position\":2,\"name\":\"Povrchov\u00e9 plochy\"}]},{\"@type\":\"WebSite\",\"@id\":\"https:\/\/fintes.at\/#website\",\"url\":\"https:\/\/fintes.at\/\",\"name\":\"FINTES CNC-Metallverarbeitung\",\"description\":\"\",\"publisher\":{\"@id\":\"https:\/\/fintes.at\/#organization\"},\"alternateName\":\"CNC Drehen und Fr\u00e4sen\",\"potentialAction\":[{\"@type\":\"SearchAction\",\"target\":{\"@type\":\"EntryPoint\",\"urlTemplate\":\"https:\/\/fintes.at\/?s={search_term_string}\"},\"query-input\":{\"@type\":\"PropertyValueSpecification\",\"valueRequired\":true,\"valueName\":\"search_term_string\"}}],\"inLanguage\":\"CZ\"},{\"@type\":\"Organization\",\"@id\":\"https:\/\/fintes.at\/#organization\",\"name\":\"FINTES CNC-Metallverarbeitung\",\"alternateName\":\"Fintes CNC Drehen und Fr\u00e4sen\",\"url\":\"https:\/\/fintes.at\/\",\"logo\":{\"@type\":\"ImageObject\",\"inLanguage\":\"CZ\",\"@id\":\"https:\/\/fintes.at\/#\/schema\/logo\/image\/\",\"url\":\"https:\/\/fintes.at\/wp-content\/uploads\/2025\/09\/fintes-logo.png\",\"contentUrl\":\"https:\/\/fintes.at\/wp-content\/uploads\/2025\/09\/fintes-logo.png\",\"width\":2000,\"height\":2000,\"caption\":\"FINTES CNC-Metallverarbeitung\"},\"image\":{\"@id\":\"https:\/\/fintes.at\/#\/schema\/logo\/image\/\"},\"sameAs\":[\"https:\/\/www.instagram.com\/fintes_gmbh\/\"]}]}<\/script>\n<!-- \/ Yoast SEO plugin. -->","yoast_head_json":{"title":"Povrchov\u00e9 plochy - FINTES CNC-Metallverarbeitung","robots":{"index":"index","follow":"follow","max-snippet":"max-snippet:-1","max-image-preview":"max-image-preview:large","max-video-preview":"max-video-preview:-1"},"canonical":"https:\/\/fintes.at\/cs\/oberflaechen\/","og_locale":"en_US","og_type":"article","og_title":"Povrchov\u00e9 plochy - FINTES CNC-Metallverarbeitung","og_description":"CNC Soustru\u017een\u00ed CNC Fr\u00e9zov\u00e1n\u00ed Povrchov\u00e9 plochy Konstruk\u010dn\u00ed skupiny Teleskopick\u00e9 \u017eeb\u0159\u00edky Slu\u017eby POVRCHOV\u00c9 PLOCHY Povrchov\u00e9 plochy. Mo\u017en\u00e9 je t\u00e9m\u011b\u0159 v\u0161echno Je samoz\u0159ejmost\u00ed, \u017ee sv\u00e9 p\u0159esn\u00e9 v\u00fdrobky dod\u00e1v\u00e1me s t\u00e9m\u011b\u0159 jakoukoli po\u017eadovanou povrchovou \u00fapravou: brou\u0161en\u00e9, trovalizovan\u00e9, povrstven\u00e9, eloxovan\u00e9, galvanizovan\u00e9, pr\u00e1\u0161kov\u011b lakovan\u00e9, lakovan\u00e9 &#8211; mo\u017en\u00e9 je t\u00e9m\u011b\u0159 v\u0161echno. Lze dos\u00e1hnout p\u0159esnosti povrchu a\u017e Ra 0,2 a obr\u00e1b\u011bt d\u00edly&hellip;","og_url":"https:\/\/fintes.at\/cs\/oberflaechen\/","og_site_name":"FINTES CNC-Metallverarbeitung","article_modified_time":"2023-05-26T18:10:40+00:00","og_image":[{"url":"https:\/\/new.fintes.at\/wp-content\/uploads\/2023\/04\/Oberflaechen.jpg","type":"","width":"","height":""}],"twitter_card":"summary_large_image","twitter_misc":{"Est. reading time":"1 minute"},"schema":{"@context":"https:\/\/schema.org","@graph":[{"@type":"WebPage","@id":"https:\/\/fintes.at\/cs\/oberflaechen\/","url":"https:\/\/fintes.at\/cs\/oberflaechen\/","name":"Povrchov\u00e9 plochy - FINTES CNC-Metallverarbeitung","isPartOf":{"@id":"https:\/\/fintes.at\/#website"},"primaryImageOfPage":{"@id":"https:\/\/fintes.at\/cs\/oberflaechen\/#primaryimage"},"image":{"@id":"https:\/\/fintes.at\/cs\/oberflaechen\/#primaryimage"},"thumbnailUrl":"https:\/\/new.fintes.at\/wp-content\/uploads\/2023\/04\/Oberflaechen.jpg","datePublished":"2023-04-28T14:34:08+00:00","dateModified":"2023-05-26T18:10:40+00:00","breadcrumb":{"@id":"https:\/\/fintes.at\/cs\/oberflaechen\/#breadcrumb"},"inLanguage":"CZ","potentialAction":[{"@type":"ReadAction","target":["https:\/\/fintes.at\/cs\/oberflaechen\/"]}]},{"@type":"ImageObject","inLanguage":"CZ","@id":"https:\/\/fintes.at\/cs\/oberflaechen\/#primaryimage","url":"https:\/\/new.fintes.at\/wp-content\/uploads\/2023\/04\/Oberflaechen.jpg","contentUrl":"https:\/\/new.fintes.at\/wp-content\/uploads\/2023\/04\/Oberflaechen.jpg"},{"@type":"BreadcrumbList","@id":"https:\/\/fintes.at\/cs\/oberflaechen\/#breadcrumb","itemListElement":[{"@type":"ListItem","position":1,"name":"Home","item":"https:\/\/fintes.at\/cs\/"},{"@type":"ListItem","position":2,"name":"Povrchov\u00e9 plochy"}]},{"@type":"WebSite","@id":"https:\/\/fintes.at\/#website","url":"https:\/\/fintes.at\/","name":"FINTES CNC-Metallverarbeitung","description":"","publisher":{"@id":"https:\/\/fintes.at\/#organization"},"alternateName":"CNC Drehen und Fr\u00e4sen","potentialAction":[{"@type":"SearchAction","target":{"@type":"EntryPoint","urlTemplate":"https:\/\/fintes.at\/?s={search_term_string}"},"query-input":{"@type":"PropertyValueSpecification","valueRequired":true,"valueName":"search_term_string"}}],"inLanguage":"CZ"},{"@type":"Organization","@id":"https:\/\/fintes.at\/#organization","name":"FINTES CNC-Metallverarbeitung","alternateName":"Fintes CNC Drehen und Fr\u00e4sen","url":"https:\/\/fintes.at\/","logo":{"@type":"ImageObject","inLanguage":"CZ","@id":"https:\/\/fintes.at\/#\/schema\/logo\/image\/","url":"https:\/\/fintes.at\/wp-content\/uploads\/2025\/09\/fintes-logo.png","contentUrl":"https:\/\/fintes.at\/wp-content\/uploads\/2025\/09\/fintes-logo.png","width":2000,"height":2000,"caption":"FINTES CNC-Metallverarbeitung"},"image":{"@id":"https:\/\/fintes.at\/#\/schema\/logo\/image\/"},"sameAs":["https:\/\/www.instagram.com\/fintes_gmbh\/"]}]}},"_links":{"self":[{"href":"https:\/\/fintes.at\/cs\/wp-json\/wp\/v2\/pages\/439","targetHints":{"allow":["GET"]}}],"collection":[{"href":"https:\/\/fintes.at\/cs\/wp-json\/wp\/v2\/pages"}],"about":[{"href":"https:\/\/fintes.at\/cs\/wp-json\/wp\/v2\/types\/page"}],"author":[{"embeddable":true,"href":"https:\/\/fintes.at\/cs\/wp-json\/wp\/v2\/users\/1"}],"replies":[{"embeddable":true,"href":"https:\/\/fintes.at\/cs\/wp-json\/wp\/v2\/comments?post=439"}],"version-history":[{"count":3,"href":"https:\/\/fintes.at\/cs\/wp-json\/wp\/v2\/pages\/439\/revisions"}],"predecessor-version":[{"id":833,"href":"https:\/\/fintes.at\/cs\/wp-json\/wp\/v2\/pages\/439\/revisions\/833"}],"wp:attachment":[{"href":"https:\/\/fintes.at\/cs\/wp-json\/wp\/v2\/media?parent=439"}],"curies":[{"name":"wp","href":"https:\/\/api.w.org\/{rel}","templated":true}]}}