{"id":455,"date":"2023-04-17T21:33:15","date_gmt":"2023-04-17T19:33:15","guid":{"rendered":"https:\/\/new.fintes.at\/zertifizierungen\/"},"modified":"2023-05-26T20:06:42","modified_gmt":"2023-05-26T18:06:42","slug":"zertifizierungen","status":"publish","type":"page","link":"https:\/\/fintes.at\/cs\/zertifizierungen\/","title":{"rendered":"certifikace"},"content":{"rendered":"\n<h1>\n\t\tCERTIFIKACE JSOU PRO Z\u00c1KAZN\u00cdKY Z\u00c1RUKOU JISTOTY\n\t<\/h1>\n\t<h2>Spole\u010dnost FINTES nab\u00edz\u00ed sv\u00fdm z\u00e1kazn\u00edk\u016fm nejlep\u0161\u00ed kvalitu, nejvy\u0161\u0161\u00ed p\u0159esnost, maxim\u00e1ln\u00ed pozornost a jistotu, \u017ee se na certifikovan\u00e9ho partnera mohou spolehnout.<\/h2>\n<p>Spole\u010dnost FINTES je certifikov\u00e1na podle normy DIN EN ISO 9001:2015. S t\u00edm se v\u0161ak nespokojujeme. Na\u0161e certifikace dokazuje nejvy\u0161\u0161\u00ed standard kvality a dokl\u00e1d\u00e1, \u017ee v\u00fdrobky a slu\u017eby spl\u0148uj\u00ed vysok\u00e9 po\u017eadavky a p\u0159\u00edslu\u0161n\u00e9 p\u0159edpisy. To znamen\u00e1 maxim\u00e1ln\u00ed jistotu pro u\u017eivatele z pr\u016fmyslu a obchodu.<\/p>\n<p>Spole\u010dnost FINTES je mimoto vlastn\u00edkem povolen\u00ed k v\u00fdrob\u011b ur\u010dit\u00e9ho druhu elektrick\u00fdch svorek. I tato certifikace \u00d6VE je dokladem na\u0161eho pov\u011bdom\u00ed o kvalit\u011b.<\/p>\n\t\t\t\t<img decoding=\"async\" class=\"lazyload\" src=\"data:image\/gif;base64,R0lGODlhAQABAIAAAAAAAP\/\/\/yH5BAEAAAAALAAAAAABAAEAAAIBRAA7\" data-src=\"https:\/\/new.fintes.at\/wp-content\/plugins\/bb-plugin\/img\/pixel.png\" alt=\"\" itemprop=\"image\" onerror=\"this.style.display='none'\"  \/><noscript><img decoding=\"async\" class=\"lazyload\" src=\"https:\/\/new.fintes.at\/wp-content\/plugins\/bb-plugin\/img\/pixel.png\" alt=\"\" itemprop=\"image\" onerror=\"this.style.display='none'\"  \/><\/noscript>\n\n","protected":false},"excerpt":{"rendered":"<p>CERTIFIKACE JSOU PRO Z\u00c1KAZN\u00cdKY Z\u00c1RUKOU JISTOTY Spole\u010dnost FINTES nab\u00edz\u00ed sv\u00fdm z\u00e1kazn\u00edk\u016fm nejlep\u0161\u00ed kvalitu, nejvy\u0161\u0161\u00ed p\u0159esnost, maxim\u00e1ln\u00ed pozornost a jistotu, \u017ee se na certifikovan\u00e9ho partnera mohou spolehnout. Spole\u010dnost FINTES je certifikov\u00e1na podle normy DIN EN ISO 9001:2015. S t\u00edm se v\u0161ak nespokojujeme. Na\u0161e certifikace dokazuje nejvy\u0161\u0161\u00ed standard kvality a dokl\u00e1d\u00e1, \u017ee v\u00fdrobky a slu\u017eby spl\u0148uj\u00ed vysok\u00e9&hellip;<\/p>\n","protected":false},"author":1,"featured_media":0,"parent":0,"menu_order":0,"comment_status":"closed","ping_status":"closed","template":"","meta":{"_acf_changed":false,"inline_featured_image":false,"footnotes":""},"class_list":["post-455","page","type-page","status-publish","hentry"],"acf":[],"yoast_head":"<!-- This site is optimized with the Yoast SEO plugin v26.9 - https:\/\/yoast.com\/product\/yoast-seo-wordpress\/ -->\n<title>certifikace - FINTES CNC-Metallverarbeitung<\/title>\n<meta name=\"robots\" content=\"index, follow, max-snippet:-1, max-image-preview:large, max-video-preview:-1\" \/>\n<link rel=\"canonical\" href=\"https:\/\/fintes.at\/cs\/zertifizierungen\/\" \/>\n<meta property=\"og:locale\" content=\"en_US\" \/>\n<meta property=\"og:type\" content=\"article\" \/>\n<meta property=\"og:title\" content=\"certifikace - FINTES CNC-Metallverarbeitung\" \/>\n<meta property=\"og:description\" content=\"CERTIFIKACE JSOU PRO Z\u00c1KAZN\u00cdKY Z\u00c1RUKOU JISTOTY Spole\u010dnost FINTES nab\u00edz\u00ed sv\u00fdm z\u00e1kazn\u00edk\u016fm nejlep\u0161\u00ed kvalitu, nejvy\u0161\u0161\u00ed p\u0159esnost, maxim\u00e1ln\u00ed pozornost a jistotu, \u017ee se na certifikovan\u00e9ho partnera mohou spolehnout. Spole\u010dnost FINTES je certifikov\u00e1na podle normy DIN EN ISO 9001:2015. S t\u00edm se v\u0161ak nespokojujeme. Na\u0161e certifikace dokazuje nejvy\u0161\u0161\u00ed standard kvality a dokl\u00e1d\u00e1, \u017ee v\u00fdrobky a slu\u017eby spl\u0148uj\u00ed vysok\u00e9&hellip;\" \/>\n<meta property=\"og:url\" content=\"https:\/\/fintes.at\/cs\/zertifizierungen\/\" \/>\n<meta property=\"og:site_name\" content=\"FINTES CNC-Metallverarbeitung\" \/>\n<meta property=\"article:modified_time\" content=\"2023-05-26T18:06:42+00:00\" \/>\n<meta property=\"og:image\" content=\"https:\/\/new.fintes.at\/wp-content\/plugins\/bb-plugin\/img\/pixel.png\" \/>\n<meta name=\"twitter:card\" content=\"summary_large_image\" \/>\n<meta name=\"twitter:label1\" content=\"Est. reading time\" \/>\n\t<meta name=\"twitter:data1\" content=\"1 minute\" \/>\n<script type=\"application\/ld+json\" class=\"yoast-schema-graph\">{\"@context\":\"https:\/\/schema.org\",\"@graph\":[{\"@type\":\"WebPage\",\"@id\":\"https:\/\/fintes.at\/cs\/zertifizierungen\/\",\"url\":\"https:\/\/fintes.at\/cs\/zertifizierungen\/\",\"name\":\"certifikace - FINTES CNC-Metallverarbeitung\",\"isPartOf\":{\"@id\":\"https:\/\/fintes.at\/#website\"},\"primaryImageOfPage\":{\"@id\":\"https:\/\/fintes.at\/cs\/zertifizierungen\/#primaryimage\"},\"image\":{\"@id\":\"https:\/\/fintes.at\/cs\/zertifizierungen\/#primaryimage\"},\"thumbnailUrl\":\"https:\/\/new.fintes.at\/wp-content\/plugins\/bb-plugin\/img\/pixel.png\",\"datePublished\":\"2023-04-17T19:33:15+00:00\",\"dateModified\":\"2023-05-26T18:06:42+00:00\",\"breadcrumb\":{\"@id\":\"https:\/\/fintes.at\/cs\/zertifizierungen\/#breadcrumb\"},\"inLanguage\":\"CZ\",\"potentialAction\":[{\"@type\":\"ReadAction\",\"target\":[\"https:\/\/fintes.at\/cs\/zertifizierungen\/\"]}]},{\"@type\":\"ImageObject\",\"inLanguage\":\"CZ\",\"@id\":\"https:\/\/fintes.at\/cs\/zertifizierungen\/#primaryimage\",\"url\":\"https:\/\/new.fintes.at\/wp-content\/plugins\/bb-plugin\/img\/pixel.png\",\"contentUrl\":\"https:\/\/new.fintes.at\/wp-content\/plugins\/bb-plugin\/img\/pixel.png\"},{\"@type\":\"BreadcrumbList\",\"@id\":\"https:\/\/fintes.at\/cs\/zertifizierungen\/#breadcrumb\",\"itemListElement\":[{\"@type\":\"ListItem\",\"position\":1,\"name\":\"Home\",\"item\":\"https:\/\/fintes.at\/cs\/\"},{\"@type\":\"ListItem\",\"position\":2,\"name\":\"certifikace\"}]},{\"@type\":\"WebSite\",\"@id\":\"https:\/\/fintes.at\/#website\",\"url\":\"https:\/\/fintes.at\/\",\"name\":\"FINTES CNC-Metallverarbeitung\",\"description\":\"\",\"publisher\":{\"@id\":\"https:\/\/fintes.at\/#organization\"},\"alternateName\":\"CNC Drehen und Fr\u00e4sen\",\"potentialAction\":[{\"@type\":\"SearchAction\",\"target\":{\"@type\":\"EntryPoint\",\"urlTemplate\":\"https:\/\/fintes.at\/?s={search_term_string}\"},\"query-input\":{\"@type\":\"PropertyValueSpecification\",\"valueRequired\":true,\"valueName\":\"search_term_string\"}}],\"inLanguage\":\"CZ\"},{\"@type\":\"Organization\",\"@id\":\"https:\/\/fintes.at\/#organization\",\"name\":\"FINTES CNC-Metallverarbeitung\",\"alternateName\":\"Fintes CNC Drehen und Fr\u00e4sen\",\"url\":\"https:\/\/fintes.at\/\",\"logo\":{\"@type\":\"ImageObject\",\"inLanguage\":\"CZ\",\"@id\":\"https:\/\/fintes.at\/#\/schema\/logo\/image\/\",\"url\":\"https:\/\/fintes.at\/wp-content\/uploads\/2025\/09\/fintes-logo.png\",\"contentUrl\":\"https:\/\/fintes.at\/wp-content\/uploads\/2025\/09\/fintes-logo.png\",\"width\":2000,\"height\":2000,\"caption\":\"FINTES CNC-Metallverarbeitung\"},\"image\":{\"@id\":\"https:\/\/fintes.at\/#\/schema\/logo\/image\/\"},\"sameAs\":[\"https:\/\/www.instagram.com\/fintes_gmbh\/\"]}]}<\/script>\n<!-- \/ Yoast SEO plugin. -->","yoast_head_json":{"title":"certifikace - FINTES CNC-Metallverarbeitung","robots":{"index":"index","follow":"follow","max-snippet":"max-snippet:-1","max-image-preview":"max-image-preview:large","max-video-preview":"max-video-preview:-1"},"canonical":"https:\/\/fintes.at\/cs\/zertifizierungen\/","og_locale":"en_US","og_type":"article","og_title":"certifikace - FINTES CNC-Metallverarbeitung","og_description":"CERTIFIKACE JSOU PRO Z\u00c1KAZN\u00cdKY Z\u00c1RUKOU JISTOTY Spole\u010dnost FINTES nab\u00edz\u00ed sv\u00fdm z\u00e1kazn\u00edk\u016fm nejlep\u0161\u00ed kvalitu, nejvy\u0161\u0161\u00ed p\u0159esnost, maxim\u00e1ln\u00ed pozornost a jistotu, \u017ee se na certifikovan\u00e9ho partnera mohou spolehnout. Spole\u010dnost FINTES je certifikov\u00e1na podle normy DIN EN ISO 9001:2015. S t\u00edm se v\u0161ak nespokojujeme. Na\u0161e certifikace dokazuje nejvy\u0161\u0161\u00ed standard kvality a dokl\u00e1d\u00e1, \u017ee v\u00fdrobky a slu\u017eby spl\u0148uj\u00ed vysok\u00e9&hellip;","og_url":"https:\/\/fintes.at\/cs\/zertifizierungen\/","og_site_name":"FINTES CNC-Metallverarbeitung","article_modified_time":"2023-05-26T18:06:42+00:00","og_image":[{"url":"https:\/\/new.fintes.at\/wp-content\/plugins\/bb-plugin\/img\/pixel.png","type":"","width":"","height":""}],"twitter_card":"summary_large_image","twitter_misc":{"Est. reading time":"1 minute"},"schema":{"@context":"https:\/\/schema.org","@graph":[{"@type":"WebPage","@id":"https:\/\/fintes.at\/cs\/zertifizierungen\/","url":"https:\/\/fintes.at\/cs\/zertifizierungen\/","name":"certifikace - FINTES CNC-Metallverarbeitung","isPartOf":{"@id":"https:\/\/fintes.at\/#website"},"primaryImageOfPage":{"@id":"https:\/\/fintes.at\/cs\/zertifizierungen\/#primaryimage"},"image":{"@id":"https:\/\/fintes.at\/cs\/zertifizierungen\/#primaryimage"},"thumbnailUrl":"https:\/\/new.fintes.at\/wp-content\/plugins\/bb-plugin\/img\/pixel.png","datePublished":"2023-04-17T19:33:15+00:00","dateModified":"2023-05-26T18:06:42+00:00","breadcrumb":{"@id":"https:\/\/fintes.at\/cs\/zertifizierungen\/#breadcrumb"},"inLanguage":"CZ","potentialAction":[{"@type":"ReadAction","target":["https:\/\/fintes.at\/cs\/zertifizierungen\/"]}]},{"@type":"ImageObject","inLanguage":"CZ","@id":"https:\/\/fintes.at\/cs\/zertifizierungen\/#primaryimage","url":"https:\/\/new.fintes.at\/wp-content\/plugins\/bb-plugin\/img\/pixel.png","contentUrl":"https:\/\/new.fintes.at\/wp-content\/plugins\/bb-plugin\/img\/pixel.png"},{"@type":"BreadcrumbList","@id":"https:\/\/fintes.at\/cs\/zertifizierungen\/#breadcrumb","itemListElement":[{"@type":"ListItem","position":1,"name":"Home","item":"https:\/\/fintes.at\/cs\/"},{"@type":"ListItem","position":2,"name":"certifikace"}]},{"@type":"WebSite","@id":"https:\/\/fintes.at\/#website","url":"https:\/\/fintes.at\/","name":"FINTES CNC-Metallverarbeitung","description":"","publisher":{"@id":"https:\/\/fintes.at\/#organization"},"alternateName":"CNC Drehen und Fr\u00e4sen","potentialAction":[{"@type":"SearchAction","target":{"@type":"EntryPoint","urlTemplate":"https:\/\/fintes.at\/?s={search_term_string}"},"query-input":{"@type":"PropertyValueSpecification","valueRequired":true,"valueName":"search_term_string"}}],"inLanguage":"CZ"},{"@type":"Organization","@id":"https:\/\/fintes.at\/#organization","name":"FINTES CNC-Metallverarbeitung","alternateName":"Fintes CNC Drehen und Fr\u00e4sen","url":"https:\/\/fintes.at\/","logo":{"@type":"ImageObject","inLanguage":"CZ","@id":"https:\/\/fintes.at\/#\/schema\/logo\/image\/","url":"https:\/\/fintes.at\/wp-content\/uploads\/2025\/09\/fintes-logo.png","contentUrl":"https:\/\/fintes.at\/wp-content\/uploads\/2025\/09\/fintes-logo.png","width":2000,"height":2000,"caption":"FINTES CNC-Metallverarbeitung"},"image":{"@id":"https:\/\/fintes.at\/#\/schema\/logo\/image\/"},"sameAs":["https:\/\/www.instagram.com\/fintes_gmbh\/"]}]}},"_links":{"self":[{"href":"https:\/\/fintes.at\/cs\/wp-json\/wp\/v2\/pages\/455","targetHints":{"allow":["GET"]}}],"collection":[{"href":"https:\/\/fintes.at\/cs\/wp-json\/wp\/v2\/pages"}],"about":[{"href":"https:\/\/fintes.at\/cs\/wp-json\/wp\/v2\/types\/page"}],"author":[{"embeddable":true,"href":"https:\/\/fintes.at\/cs\/wp-json\/wp\/v2\/users\/1"}],"replies":[{"embeddable":true,"href":"https:\/\/fintes.at\/cs\/wp-json\/wp\/v2\/comments?post=455"}],"version-history":[{"count":4,"href":"https:\/\/fintes.at\/cs\/wp-json\/wp\/v2\/pages\/455\/revisions"}],"predecessor-version":[{"id":828,"href":"https:\/\/fintes.at\/cs\/wp-json\/wp\/v2\/pages\/455\/revisions\/828"}],"wp:attachment":[{"href":"https:\/\/fintes.at\/cs\/wp-json\/wp\/v2\/media?parent=455"}],"curies":[{"name":"wp","href":"https:\/\/api.w.org\/{rel}","templated":true}]}}