{"id":463,"date":"2023-04-17T21:08:58","date_gmt":"2023-04-17T19:08:58","guid":{"rendered":"https:\/\/new.fintes.at\/profil\/"},"modified":"2023-05-26T20:04:33","modified_gmt":"2023-05-26T18:04:33","slug":"profil","status":"publish","type":"page","link":"https:\/\/fintes.at\/cs\/profil\/","title":{"rendered":"Spole\u010dnost"},"content":{"rendered":"\n<h1>\n\t\tD\u016eV\u011aRA SE NED\u00c1 KOUPIT. K T\u00c9 JE T\u0158EBA SE DOPRACOVAT\n\t<\/h1>\n\t<h2>Ji\u017e v\u00edce ne\u017e 20 let se n\u00e1ro\u010dn\u00ed z\u00e1kazn\u00edci s d\u016fv\u011brou obracej\u00ed na firmu FINTES. Na\u0161i z\u00e1kazn\u00edci toti\u017e v\u011bd\u00ed: jsme spokojeni teprve tehdy, kdy\u017e oni jsou \u00fasp\u011b\u0161n\u00ed!<\/h2>\n<p>Spole\u010dnost FINTES spol\u00e9h\u00e1 na profesion\u00e1ln\u00ed t\u00fdm specialist\u016f z nejr\u016fzn\u011bj\u0161\u00edch obor\u016f. D\u00edky na\u0161im rozs\u00e1hl\u00fdm znalostem, bohat\u00fdm zku\u0161enostem a know-how m\u016f\u017eeme kdykoli nab\u00eddnout individu\u00e1ln\u00ed \u0159e\u0161en\u00ed pro r\u016fzn\u00e9 aplikace.<\/p>\n<p>Poctiv\u00fd a lidsk\u00fd p\u0159\u00edstup k z\u00e1kazn\u00edk\u016fm, dodavatel\u016fm a zam\u011bstnanc\u016fm jsou z\u00e1kladem na\u0161\u00ed ka\u017edodenn\u00ed pr\u00e1ce. To znamen\u00e1, \u017ee se k jin\u00fdm chov\u00e1me tak, jak bychom cht\u011bli, aby se oni chovali k n\u00e1m: \u010destn\u011b, s uzn\u00e1n\u00edm a respektem. Na\u0161i z\u00e1kazn\u00edci od n\u00e1s mohou o\u010dek\u00e1vat nejen hotov\u00e9 soustru\u017een\u00e9 a fr\u00e9zovan\u00e9 d\u00edly, ale i maxim\u00e1ln\u00ed pozornost. D\u00edky tomu jsme schopni l\u00e9pe porozum\u011bt jejich p\u0159\u00e1n\u00edm a n\u00e1rok\u016fm a p\u0159em\u011bnit je v dokonal\u00e9 produkty.<\/p>\n\t\t\t\t<img decoding=\"async\" class=\"lazyload\" src=\"data:image\/gif;base64,R0lGODlhAQABAIAAAAAAAP\/\/\/yH5BAEAAAAALAAAAAABAAEAAAIBRAA7\" data-src=\"https:\/\/new.fintes.at\/wp-content\/uploads\/2023\/04\/Unternehmen-scaled.jpg\" alt=\"Unternehmen\" itemprop=\"image\" height=\"1414\" width=\"2560\" title=\"Unternehmen\" onerror=\"this.style.display='none'\"  \/><noscript><img decoding=\"async\" class=\"lazyload\" src=\"https:\/\/new.fintes.at\/wp-content\/uploads\/2023\/04\/Unternehmen-scaled.jpg\" alt=\"Unternehmen\" itemprop=\"image\" height=\"1414\" width=\"2560\" title=\"Unternehmen\" onerror=\"this.style.display='none'\"  \/><\/noscript>\n\n","protected":false},"excerpt":{"rendered":"<p>D\u016eV\u011aRA SE NED\u00c1 KOUPIT. K T\u00c9 JE T\u0158EBA SE DOPRACOVAT Ji\u017e v\u00edce ne\u017e 20 let se n\u00e1ro\u010dn\u00ed z\u00e1kazn\u00edci s d\u016fv\u011brou obracej\u00ed na firmu FINTES. Na\u0161i z\u00e1kazn\u00edci toti\u017e v\u011bd\u00ed: jsme spokojeni teprve tehdy, kdy\u017e oni jsou \u00fasp\u011b\u0161n\u00ed! Spole\u010dnost FINTES spol\u00e9h\u00e1 na profesion\u00e1ln\u00ed t\u00fdm specialist\u016f z nejr\u016fzn\u011bj\u0161\u00edch obor\u016f. D\u00edky na\u0161im rozs\u00e1hl\u00fdm znalostem, bohat\u00fdm zku\u0161enostem a know-how m\u016f\u017eeme&hellip;<\/p>\n","protected":false},"author":1,"featured_media":0,"parent":0,"menu_order":0,"comment_status":"closed","ping_status":"closed","template":"","meta":{"_acf_changed":false,"inline_featured_image":false,"footnotes":""},"class_list":["post-463","page","type-page","status-publish","hentry"],"acf":[],"yoast_head":"<!-- This site is optimized with the Yoast SEO plugin v26.9 - https:\/\/yoast.com\/product\/yoast-seo-wordpress\/ -->\n<title>Spole\u010dnost - FINTES CNC-Metallverarbeitung<\/title>\n<meta name=\"robots\" content=\"index, follow, max-snippet:-1, max-image-preview:large, max-video-preview:-1\" \/>\n<link rel=\"canonical\" href=\"https:\/\/fintes.at\/cs\/profil\/\" \/>\n<meta property=\"og:locale\" content=\"en_US\" \/>\n<meta property=\"og:type\" content=\"article\" \/>\n<meta property=\"og:title\" content=\"Spole\u010dnost - FINTES CNC-Metallverarbeitung\" \/>\n<meta property=\"og:description\" content=\"D\u016eV\u011aRA SE NED\u00c1 KOUPIT. K T\u00c9 JE T\u0158EBA SE DOPRACOVAT Ji\u017e v\u00edce ne\u017e 20 let se n\u00e1ro\u010dn\u00ed z\u00e1kazn\u00edci s d\u016fv\u011brou obracej\u00ed na firmu FINTES. Na\u0161i z\u00e1kazn\u00edci toti\u017e v\u011bd\u00ed: jsme spokojeni teprve tehdy, kdy\u017e oni jsou \u00fasp\u011b\u0161n\u00ed! Spole\u010dnost FINTES spol\u00e9h\u00e1 na profesion\u00e1ln\u00ed t\u00fdm specialist\u016f z nejr\u016fzn\u011bj\u0161\u00edch obor\u016f. D\u00edky na\u0161im rozs\u00e1hl\u00fdm znalostem, bohat\u00fdm zku\u0161enostem a know-how m\u016f\u017eeme&hellip;\" \/>\n<meta property=\"og:url\" content=\"https:\/\/fintes.at\/cs\/profil\/\" \/>\n<meta property=\"og:site_name\" content=\"FINTES CNC-Metallverarbeitung\" \/>\n<meta property=\"article:modified_time\" content=\"2023-05-26T18:04:33+00:00\" \/>\n<meta property=\"og:image\" content=\"https:\/\/new.fintes.at\/wp-content\/uploads\/2023\/04\/Unternehmen-scaled.jpg\" \/>\n<meta name=\"twitter:card\" content=\"summary_large_image\" \/>\n<meta name=\"twitter:label1\" content=\"Est. reading time\" \/>\n\t<meta name=\"twitter:data1\" content=\"1 minute\" \/>\n<script type=\"application\/ld+json\" class=\"yoast-schema-graph\">{\"@context\":\"https:\/\/schema.org\",\"@graph\":[{\"@type\":\"WebPage\",\"@id\":\"https:\/\/fintes.at\/cs\/profil\/\",\"url\":\"https:\/\/fintes.at\/cs\/profil\/\",\"name\":\"Spole\u010dnost - FINTES CNC-Metallverarbeitung\",\"isPartOf\":{\"@id\":\"https:\/\/fintes.at\/#website\"},\"primaryImageOfPage\":{\"@id\":\"https:\/\/fintes.at\/cs\/profil\/#primaryimage\"},\"image\":{\"@id\":\"https:\/\/fintes.at\/cs\/profil\/#primaryimage\"},\"thumbnailUrl\":\"https:\/\/new.fintes.at\/wp-content\/uploads\/2023\/04\/Unternehmen-scaled.jpg\",\"datePublished\":\"2023-04-17T19:08:58+00:00\",\"dateModified\":\"2023-05-26T18:04:33+00:00\",\"breadcrumb\":{\"@id\":\"https:\/\/fintes.at\/cs\/profil\/#breadcrumb\"},\"inLanguage\":\"CZ\",\"potentialAction\":[{\"@type\":\"ReadAction\",\"target\":[\"https:\/\/fintes.at\/cs\/profil\/\"]}]},{\"@type\":\"ImageObject\",\"inLanguage\":\"CZ\",\"@id\":\"https:\/\/fintes.at\/cs\/profil\/#primaryimage\",\"url\":\"https:\/\/new.fintes.at\/wp-content\/uploads\/2023\/04\/Unternehmen-scaled.jpg\",\"contentUrl\":\"https:\/\/new.fintes.at\/wp-content\/uploads\/2023\/04\/Unternehmen-scaled.jpg\"},{\"@type\":\"BreadcrumbList\",\"@id\":\"https:\/\/fintes.at\/cs\/profil\/#breadcrumb\",\"itemListElement\":[{\"@type\":\"ListItem\",\"position\":1,\"name\":\"Home\",\"item\":\"https:\/\/fintes.at\/cs\/\"},{\"@type\":\"ListItem\",\"position\":2,\"name\":\"Spole\u010dnost\"}]},{\"@type\":\"WebSite\",\"@id\":\"https:\/\/fintes.at\/#website\",\"url\":\"https:\/\/fintes.at\/\",\"name\":\"FINTES CNC-Metallverarbeitung\",\"description\":\"\",\"publisher\":{\"@id\":\"https:\/\/fintes.at\/#organization\"},\"alternateName\":\"CNC Drehen und Fr\u00e4sen\",\"potentialAction\":[{\"@type\":\"SearchAction\",\"target\":{\"@type\":\"EntryPoint\",\"urlTemplate\":\"https:\/\/fintes.at\/?s={search_term_string}\"},\"query-input\":{\"@type\":\"PropertyValueSpecification\",\"valueRequired\":true,\"valueName\":\"search_term_string\"}}],\"inLanguage\":\"CZ\"},{\"@type\":\"Organization\",\"@id\":\"https:\/\/fintes.at\/#organization\",\"name\":\"FINTES CNC-Metallverarbeitung\",\"alternateName\":\"Fintes CNC Drehen und Fr\u00e4sen\",\"url\":\"https:\/\/fintes.at\/\",\"logo\":{\"@type\":\"ImageObject\",\"inLanguage\":\"CZ\",\"@id\":\"https:\/\/fintes.at\/#\/schema\/logo\/image\/\",\"url\":\"https:\/\/fintes.at\/wp-content\/uploads\/2025\/09\/fintes-logo.png\",\"contentUrl\":\"https:\/\/fintes.at\/wp-content\/uploads\/2025\/09\/fintes-logo.png\",\"width\":2000,\"height\":2000,\"caption\":\"FINTES CNC-Metallverarbeitung\"},\"image\":{\"@id\":\"https:\/\/fintes.at\/#\/schema\/logo\/image\/\"},\"sameAs\":[\"https:\/\/www.instagram.com\/fintes_gmbh\/\"]}]}<\/script>\n<!-- \/ Yoast SEO plugin. -->","yoast_head_json":{"title":"Spole\u010dnost - FINTES CNC-Metallverarbeitung","robots":{"index":"index","follow":"follow","max-snippet":"max-snippet:-1","max-image-preview":"max-image-preview:large","max-video-preview":"max-video-preview:-1"},"canonical":"https:\/\/fintes.at\/cs\/profil\/","og_locale":"en_US","og_type":"article","og_title":"Spole\u010dnost - FINTES CNC-Metallverarbeitung","og_description":"D\u016eV\u011aRA SE NED\u00c1 KOUPIT. K T\u00c9 JE T\u0158EBA SE DOPRACOVAT Ji\u017e v\u00edce ne\u017e 20 let se n\u00e1ro\u010dn\u00ed z\u00e1kazn\u00edci s d\u016fv\u011brou obracej\u00ed na firmu FINTES. Na\u0161i z\u00e1kazn\u00edci toti\u017e v\u011bd\u00ed: jsme spokojeni teprve tehdy, kdy\u017e oni jsou \u00fasp\u011b\u0161n\u00ed! Spole\u010dnost FINTES spol\u00e9h\u00e1 na profesion\u00e1ln\u00ed t\u00fdm specialist\u016f z nejr\u016fzn\u011bj\u0161\u00edch obor\u016f. D\u00edky na\u0161im rozs\u00e1hl\u00fdm znalostem, bohat\u00fdm zku\u0161enostem a know-how m\u016f\u017eeme&hellip;","og_url":"https:\/\/fintes.at\/cs\/profil\/","og_site_name":"FINTES CNC-Metallverarbeitung","article_modified_time":"2023-05-26T18:04:33+00:00","og_image":[{"url":"https:\/\/new.fintes.at\/wp-content\/uploads\/2023\/04\/Unternehmen-scaled.jpg","type":"","width":"","height":""}],"twitter_card":"summary_large_image","twitter_misc":{"Est. reading time":"1 minute"},"schema":{"@context":"https:\/\/schema.org","@graph":[{"@type":"WebPage","@id":"https:\/\/fintes.at\/cs\/profil\/","url":"https:\/\/fintes.at\/cs\/profil\/","name":"Spole\u010dnost - FINTES CNC-Metallverarbeitung","isPartOf":{"@id":"https:\/\/fintes.at\/#website"},"primaryImageOfPage":{"@id":"https:\/\/fintes.at\/cs\/profil\/#primaryimage"},"image":{"@id":"https:\/\/fintes.at\/cs\/profil\/#primaryimage"},"thumbnailUrl":"https:\/\/new.fintes.at\/wp-content\/uploads\/2023\/04\/Unternehmen-scaled.jpg","datePublished":"2023-04-17T19:08:58+00:00","dateModified":"2023-05-26T18:04:33+00:00","breadcrumb":{"@id":"https:\/\/fintes.at\/cs\/profil\/#breadcrumb"},"inLanguage":"CZ","potentialAction":[{"@type":"ReadAction","target":["https:\/\/fintes.at\/cs\/profil\/"]}]},{"@type":"ImageObject","inLanguage":"CZ","@id":"https:\/\/fintes.at\/cs\/profil\/#primaryimage","url":"https:\/\/new.fintes.at\/wp-content\/uploads\/2023\/04\/Unternehmen-scaled.jpg","contentUrl":"https:\/\/new.fintes.at\/wp-content\/uploads\/2023\/04\/Unternehmen-scaled.jpg"},{"@type":"BreadcrumbList","@id":"https:\/\/fintes.at\/cs\/profil\/#breadcrumb","itemListElement":[{"@type":"ListItem","position":1,"name":"Home","item":"https:\/\/fintes.at\/cs\/"},{"@type":"ListItem","position":2,"name":"Spole\u010dnost"}]},{"@type":"WebSite","@id":"https:\/\/fintes.at\/#website","url":"https:\/\/fintes.at\/","name":"FINTES CNC-Metallverarbeitung","description":"","publisher":{"@id":"https:\/\/fintes.at\/#organization"},"alternateName":"CNC Drehen und Fr\u00e4sen","potentialAction":[{"@type":"SearchAction","target":{"@type":"EntryPoint","urlTemplate":"https:\/\/fintes.at\/?s={search_term_string}"},"query-input":{"@type":"PropertyValueSpecification","valueRequired":true,"valueName":"search_term_string"}}],"inLanguage":"CZ"},{"@type":"Organization","@id":"https:\/\/fintes.at\/#organization","name":"FINTES CNC-Metallverarbeitung","alternateName":"Fintes CNC Drehen und Fr\u00e4sen","url":"https:\/\/fintes.at\/","logo":{"@type":"ImageObject","inLanguage":"CZ","@id":"https:\/\/fintes.at\/#\/schema\/logo\/image\/","url":"https:\/\/fintes.at\/wp-content\/uploads\/2025\/09\/fintes-logo.png","contentUrl":"https:\/\/fintes.at\/wp-content\/uploads\/2025\/09\/fintes-logo.png","width":2000,"height":2000,"caption":"FINTES CNC-Metallverarbeitung"},"image":{"@id":"https:\/\/fintes.at\/#\/schema\/logo\/image\/"},"sameAs":["https:\/\/www.instagram.com\/fintes_gmbh\/"]}]}},"_links":{"self":[{"href":"https:\/\/fintes.at\/cs\/wp-json\/wp\/v2\/pages\/463","targetHints":{"allow":["GET"]}}],"collection":[{"href":"https:\/\/fintes.at\/cs\/wp-json\/wp\/v2\/pages"}],"about":[{"href":"https:\/\/fintes.at\/cs\/wp-json\/wp\/v2\/types\/page"}],"author":[{"embeddable":true,"href":"https:\/\/fintes.at\/cs\/wp-json\/wp\/v2\/users\/1"}],"replies":[{"embeddable":true,"href":"https:\/\/fintes.at\/cs\/wp-json\/wp\/v2\/comments?post=463"}],"version-history":[{"count":3,"href":"https:\/\/fintes.at\/cs\/wp-json\/wp\/v2\/pages\/463\/revisions"}],"predecessor-version":[{"id":825,"href":"https:\/\/fintes.at\/cs\/wp-json\/wp\/v2\/pages\/463\/revisions\/825"}],"wp:attachment":[{"href":"https:\/\/fintes.at\/cs\/wp-json\/wp\/v2\/media?parent=463"}],"curies":[{"name":"wp","href":"https:\/\/api.w.org\/{rel}","templated":true}]}}